{"id":1967,"date":"2025-07-10T21:26:53","date_gmt":"2025-07-10T21:26:53","guid":{"rendered":"https:\/\/terangafrika.com\/product\/savon-en-barre-concombre-aloe-vera\/"},"modified":"2025-07-10T21:26:53","modified_gmt":"2025-07-10T21:26:53","slug":"savon-en-barre-concombre-aloe-vera","status":"publish","type":"product","link":"https:\/\/terangafrika.com\/?product=savon-en-barre-concombre-aloe-vera","title":{"rendered":"Savon en barre concombre &#8211; aloe vera"},"content":{"rendered":"<p data-start=\"144\" data-end=\"201\"><strong data-start=\"144\" data-end=\"201\">Fra\u00eecheur et hydratation naturelles pour tous les types de peau<\/strong><\/p>\n<p data-start=\"203\" data-end=\"533\">D\u00e9couvrez notre s\u00e9lection de savons naturels, fabriqu\u00e9s \u00e0 la main pour mettre en valeur tous les types de peau et tous les teints, m\u00eame les plus d\u00e9licats.<br data-start=\"332\" data-end=\"335\">Riche en beurre de karit\u00e9, en huile de noix de coco et autres ingr\u00e9dients nourrissants enti\u00e8rement naturels, nos savons en pain doux garderont votre peau propre, hydrat\u00e9e et profond\u00e9ment hydrat\u00e9e.<\/p>\n<p data-start=\"535\" data-end=\"806\">Ce savon associe la fra\u00eecheur et les propri\u00e9t\u00e9s apaisantes du <strong data-start=\"594\" data-end=\"604\">concombre<\/strong> au pouvoir hydratant et r\u00e9g\u00e9n\u00e9rant de l&rsquo;<strong data-start=\"647\" data-end=\"660\">aloe vera<\/strong>, offrant un nettoyage en douceur qui rafra\u00eechit et adoucit la peau tout en aidant \u00e0 calmer les irritations et \u00e0 favoriser un teint sain et \u00e9clatant.<\/p>\n<p data-start=\"808\" data-end=\"835\"><strong data-start=\"808\" data-end=\"835\">Principaux avantages :<\/strong><\/p>\n<ul data-start=\"836\" data-end=\"1004\">\n<li data-start=\"836\" data-end=\"869\">\n<p data-start=\"838\" data-end=\"869\">Nettoyage doux et rafra\u00eechissant.<\/p>\n<\/li>\n<li data-start=\"870\" data-end=\"907\">\n<p data-start=\"872\" data-end=\"907\">Hydrate et apaise les peaux sensibles.<\/p>\n<\/li>\n<li data-start=\"908\" data-end=\"962\">\n<p data-start=\"910\" data-end=\"962\">Favorise la r\u00e9g\u00e9n\u00e9ration cellulaire et l&rsquo;\u00e9lasticit\u00e9.<\/p>\n<\/li>\n<li data-start=\"963\" data-end=\"1004\">\n<p data-start=\"965\" data-end=\"1004\">Id\u00e9al pour les peaux normales et d\u00e9licates.<\/p>\n<\/li>\n<\/ul>\n<p data-start=\"1006\" data-end=\"1074\">\ud83c\udf3f <strong data-start=\"1009\" data-end=\"1074\">100% naturel | Vegan | Fait \u00e0 la main | Sans produits chimiques agressifs<\/strong><\/p>\n<p data-start=\"1076\" data-end=\"1219\">Appr\u00e9ciez la fra\u00eecheur et le soin en profondeur du <strong data-start=\"1129\" data-end=\"1169\">savon en barre au concombre et \u00e0 l&rsquo;aloe vera<\/strong>, pour une peau propre, hydrat\u00e9e et pleine de vie.<\/p>\n","protected":false},"excerpt":{"rendered":"<p>Fra\u00eecheur et hydratation naturelles pour tous les types de peau D\u00e9couvrez notre s\u00e9lection de savons naturels, fabriqu\u00e9s \u00e0 la main pour mettre en valeur tous les types de peau et tous les teints, m\u00eame les plus d\u00e9licats.Riche en beurre de karit\u00e9, en huile de noix de coco et autres ingr\u00e9dients nourrissants enti\u00e8rement naturels, nos savons [&hellip;]<\/p>\n","protected":false},"featured_media":1379,"template":"","meta":[],"product_brand":[],"product_cat":[144,145],"product_tag":[],"class_list":{"0":"post-1967","1":"product","2":"type-product","3":"status-publish","4":"has-post-thumbnail","6":"product_cat-artisanat-traditionnel-et-local","7":"product_cat-savons-faits-a-la-main","9":"first","10":"instock","11":"taxable","12":"shipping-taxable","13":"purchasable","14":"product-type-simple"},"_links":{"self":[{"href":"https:\/\/terangafrika.com\/index.php?rest_route=\/wp\/v2\/product\/1967","targetHints":{"allow":["GET"]}}],"collection":[{"href":"https:\/\/terangafrika.com\/index.php?rest_route=\/wp\/v2\/product"}],"about":[{"href":"https:\/\/terangafrika.com\/index.php?rest_route=\/wp\/v2\/types\/product"}],"wp:featuredmedia":[{"embeddable":true,"href":"https:\/\/terangafrika.com\/index.php?rest_route=\/wp\/v2\/media\/1379"}],"wp:attachment":[{"href":"https:\/\/terangafrika.com\/index.php?rest_route=%2Fwp%2Fv2%2Fmedia&parent=1967"}],"wp:term":[{"taxonomy":"product_brand","embeddable":true,"href":"https:\/\/terangafrika.com\/index.php?rest_route=%2Fwp%2Fv2%2Fproduct_brand&post=1967"},{"taxonomy":"product_cat","embeddable":true,"href":"https:\/\/terangafrika.com\/index.php?rest_route=%2Fwp%2Fv2%2Fproduct_cat&post=1967"},{"taxonomy":"product_tag","embeddable":true,"href":"https:\/\/terangafrika.com\/index.php?rest_route=%2Fwp%2Fv2%2Fproduct_tag&post=1967"}],"curies":[{"name":"wp","href":"https:\/\/api.w.org\/{rel}","templated":true}]}}