{"id":1962,"date":"2025-07-10T20:25:57","date_gmt":"2025-07-10T20:25:57","guid":{"rendered":"https:\/\/terangafrika.com\/product\/capsules-de-neem-le-pharmacien-du-peuple-azadirachta-indica\/"},"modified":"2025-07-21T16:33:14","modified_gmt":"2025-07-21T16:33:14","slug":"capsules-de-neem-le-pharmacien-du-peuple-azadirachta-indica","status":"publish","type":"product","link":"https:\/\/terangafrika.com\/?product=capsules-de-neem-le-pharmacien-du-peuple-azadirachta-indica","title":{"rendered":"Capsules de neem &#8211; Le \u00ab\u00a0pharmacien du peuple\u00a0\u00bb (Azadirachta indica)"},"content":{"rendered":"<p data-start=\"148\" data-end=\"581\">Traditionnellement connu comme <strong data-start=\"182\" data-end=\"211\">\u00ab\u00a0l&rsquo;apothicaire du peuple\u00a0\u00bb, le<\/strong> <strong data-start=\"216\" data-end=\"224\">margousier<\/strong> (Azadirachta indica) est une plante sacr\u00e9e dans de nombreuses cultures gr\u00e2ce \u00e0 ses puissantes propri\u00e9t\u00e9s purifiantes et protectrices. Utilis\u00e9 depuis l&rsquo;Antiquit\u00e9 pour soutenir la sant\u00e9 de la peau, renforcer le syst\u00e8me immunitaire et promouvoir le bien-\u00eatre g\u00e9n\u00e9ral, le neem est riche en compos\u00e9s bioactifs qui aident \u00e0 nettoyer, \u00e9quilibrer et restaurer l&rsquo;organisme. <\/p>\n<p data-start=\"583\" data-end=\"610\"><strong data-start=\"583\" data-end=\"610\">Principaux avantages :<\/strong><\/p>\n<ul data-start=\"611\" data-end=\"888\">\n<li data-start=\"611\" data-end=\"687\">\n<p data-start=\"613\" data-end=\"687\">Favorise la sant\u00e9 de la peau gr\u00e2ce \u00e0 son action antibact\u00e9rienne et anti-inflammatoire.<\/p>\n<\/li>\n<li data-start=\"688\" data-end=\"745\">\n<p data-start=\"690\" data-end=\"745\">Contribue \u00e0 renforcer le syst\u00e8me immunitaire.<\/p>\n<\/li>\n<li data-start=\"746\" data-end=\"798\">\n<p data-start=\"748\" data-end=\"798\">Favorise la d\u00e9sintoxication naturelle de l&rsquo;organisme.<\/p>\n<\/li>\n<li data-start=\"799\" data-end=\"888\">\n<p data-start=\"801\" data-end=\"888\">Id\u00e9al pour un usage interne (poudre ou g\u00e9lules) ou externe (masques, huiles, savons).<\/p>\n<\/li>\n<\/ul>\n<p data-start=\"890\" data-end=\"970\">\ud83c\udf3f <strong data-start=\"893\" data-end=\"970\">100% naturel | Utilis\u00e9 traditionnellement en Ayurveda | Vegan | Sans additifs<\/strong><\/p>\n<p data-start=\"972\" data-end=\"1013\">\n","protected":false},"excerpt":{"rendered":"<p>Traditionnellement connu comme \u00ab\u00a0l&rsquo;apothicaire du peuple\u00a0\u00bb, le margousier (Azadirachta indica) est une plante sacr\u00e9e dans de nombreuses cultures gr\u00e2ce \u00e0 ses puissantes propri\u00e9t\u00e9s purifiantes et protectrices. Utilis\u00e9 depuis l&rsquo;Antiquit\u00e9 pour soutenir la sant\u00e9 de la peau, renforcer le syst\u00e8me immunitaire et promouvoir le bien-\u00eatre g\u00e9n\u00e9ral, le neem est riche en compos\u00e9s bioactifs qui aident \u00e0 [&hellip;]<\/p>\n","protected":false},"featured_media":1337,"template":"","meta":[],"product_brand":[],"product_cat":[119,129],"product_tag":[],"class_list":{"0":"post-1962","1":"product","2":"type-product","3":"status-publish","4":"has-post-thumbnail","6":"product_cat-aliments-naturels","7":"product_cat-capsules","9":"first","10":"instock","11":"taxable","12":"shipping-taxable","13":"purchasable","14":"product-type-simple"},"_links":{"self":[{"href":"https:\/\/terangafrika.com\/index.php?rest_route=\/wp\/v2\/product\/1962","targetHints":{"allow":["GET"]}}],"collection":[{"href":"https:\/\/terangafrika.com\/index.php?rest_route=\/wp\/v2\/product"}],"about":[{"href":"https:\/\/terangafrika.com\/index.php?rest_route=\/wp\/v2\/types\/product"}],"wp:featuredmedia":[{"embeddable":true,"href":"https:\/\/terangafrika.com\/index.php?rest_route=\/wp\/v2\/media\/1337"}],"wp:attachment":[{"href":"https:\/\/terangafrika.com\/index.php?rest_route=%2Fwp%2Fv2%2Fmedia&parent=1962"}],"wp:term":[{"taxonomy":"product_brand","embeddable":true,"href":"https:\/\/terangafrika.com\/index.php?rest_route=%2Fwp%2Fv2%2Fproduct_brand&post=1962"},{"taxonomy":"product_cat","embeddable":true,"href":"https:\/\/terangafrika.com\/index.php?rest_route=%2Fwp%2Fv2%2Fproduct_cat&post=1962"},{"taxonomy":"product_tag","embeddable":true,"href":"https:\/\/terangafrika.com\/index.php?rest_route=%2Fwp%2Fv2%2Fproduct_tag&post=1962"}],"curies":[{"name":"wp","href":"https:\/\/api.w.org\/{rel}","templated":true}]}}