{"id":1954,"date":"2025-07-10T17:35:11","date_gmt":"2025-07-10T17:35:11","guid":{"rendered":"https:\/\/terangafrika.com\/product\/gingembre-zingiber-officinale\/"},"modified":"2025-07-21T16:32:50","modified_gmt":"2025-07-21T16:32:50","slug":"gingembre-zingiber-officinale","status":"publish","type":"product","link":"https:\/\/terangafrika.com\/?product=gingembre-zingiber-officinale","title":{"rendered":"Gingembre (Zingiber officinale)"},"content":{"rendered":"<p data-start=\"181\" data-end=\"441\"><strong data-start=\"184\" data-end=\"196\">Le gingembre<\/strong> est appr\u00e9ci\u00e9 depuis des si\u00e8cles dans diverses cultures pour ses <strong data-start=\"259\" data-end=\"304\">propri\u00e9t\u00e9s revigorantes et revitalisantes<\/strong>. Ce rhizome puissant est connu pour <strong data-start=\"342\" data-end=\"440\">faciliter la digestion, stimuler la circulation et augmenter la vitalit\u00e9 g\u00e9n\u00e9rale de l&rsquo;organisme.<\/strong> <\/p>\n<p data-start=\"443\" data-end=\"644\">Riche en compos\u00e9s bioactifs tels que les ging\u00e9rols et les shogaols, le gingembre agit comme un <strong data-start=\"532\" data-end=\"556\">\u00e9quilibrant naturel<\/strong>, contribuant \u00e0 r\u00e9duire l&rsquo;inflammation, \u00e0 soulager les naus\u00e9es et \u00e0 renforcer le syst\u00e8me immunitaire.<\/p>\n<p data-start=\"646\" data-end=\"790\">Connu sous le nom de <em data-start=\"660\" data-end=\"684\">\u00ab\u00a0gu\u00e9risseur universel\u00a0\u00bb, le<\/em> gingembre est un superaliment indispensable pour ceux qui recherchent un bien-\u00eatre et une \u00e9nergie naturels.<\/p>\n<p data-start=\"792\" data-end=\"875\"><strong data-start=\"792\" data-end=\"875\">D\u00e9couvrez les bienfaits th\u00e9rapeutiques du gingembre et am\u00e9liorez votre sant\u00e9 au quotidien.<\/strong><\/p>\n","protected":false},"excerpt":{"rendered":"<p>Le gingembre est appr\u00e9ci\u00e9 depuis des si\u00e8cles dans diverses cultures pour ses propri\u00e9t\u00e9s revigorantes et revitalisantes. Ce rhizome puissant est connu pour faciliter la digestion, stimuler la circulation et augmenter la vitalit\u00e9 g\u00e9n\u00e9rale de l&rsquo;organisme. Riche en compos\u00e9s bioactifs tels que les ging\u00e9rols et les shogaols, le gingembre agit comme un \u00e9quilibrant naturel, contribuant \u00e0 [&hellip;]<\/p>\n","protected":false},"featured_media":1325,"template":"","meta":[],"product_brand":[],"product_cat":[119,129],"product_tag":[],"class_list":{"0":"post-1954","1":"product","2":"type-product","3":"status-publish","4":"has-post-thumbnail","6":"product_cat-aliments-naturels","7":"product_cat-capsules","9":"first","10":"instock","11":"taxable","12":"shipping-taxable","13":"purchasable","14":"product-type-simple"},"_links":{"self":[{"href":"https:\/\/terangafrika.com\/index.php?rest_route=\/wp\/v2\/product\/1954","targetHints":{"allow":["GET"]}}],"collection":[{"href":"https:\/\/terangafrika.com\/index.php?rest_route=\/wp\/v2\/product"}],"about":[{"href":"https:\/\/terangafrika.com\/index.php?rest_route=\/wp\/v2\/types\/product"}],"wp:featuredmedia":[{"embeddable":true,"href":"https:\/\/terangafrika.com\/index.php?rest_route=\/wp\/v2\/media\/1325"}],"wp:attachment":[{"href":"https:\/\/terangafrika.com\/index.php?rest_route=%2Fwp%2Fv2%2Fmedia&parent=1954"}],"wp:term":[{"taxonomy":"product_brand","embeddable":true,"href":"https:\/\/terangafrika.com\/index.php?rest_route=%2Fwp%2Fv2%2Fproduct_brand&post=1954"},{"taxonomy":"product_cat","embeddable":true,"href":"https:\/\/terangafrika.com\/index.php?rest_route=%2Fwp%2Fv2%2Fproduct_cat&post=1954"},{"taxonomy":"product_tag","embeddable":true,"href":"https:\/\/terangafrika.com\/index.php?rest_route=%2Fwp%2Fv2%2Fproduct_tag&post=1954"}],"curies":[{"name":"wp","href":"https:\/\/api.w.org\/{rel}","templated":true}]}}