{"id":1946,"date":"2025-07-10T17:54:59","date_gmt":"2025-07-10T17:54:59","guid":{"rendered":"https:\/\/terangafrika.com\/product\/beurre-de-coco-naturel\/"},"modified":"2025-07-21T16:32:47","modified_gmt":"2025-07-21T16:32:47","slug":"beurre-de-coco-naturel","status":"publish","type":"product","link":"https:\/\/terangafrika.com\/?product=beurre-de-coco-naturel","title":{"rendered":"Beurre de coco naturel"},"content":{"rendered":"<p data-start=\"170\" data-end=\"462\">D\u00e9couvrez le pouvoir de la nature avec notre <strong data-start=\"217\" data-end=\"249\">beurre de coco 100% naturel<\/strong>, extrait \u00e0 froid pour pr\u00e9server ses propri\u00e9t\u00e9s. Riche en antioxydants, en acides gras essentiels et en vitamine E, ce beurre est id\u00e9al pour les soins de la peau et des cheveux, mais aussi pour un usage culinaire. <\/p>\n<p data-start=\"464\" data-end=\"479\"><strong data-start=\"464\" data-end=\"479\">Avantages :<\/strong><\/p>\n<ul data-start=\"480\" data-end=\"690\">\n<li data-start=\"480\" data-end=\"522\">\n<p data-start=\"482\" data-end=\"522\">Hydrate et adoucit la peau en profondeur.<\/p>\n<\/li>\n<li data-start=\"523\" data-end=\"567\">\n<p data-start=\"525\" data-end=\"567\">Redonne de l&rsquo;\u00e9clat et renforce les cheveux.<\/p>\n<\/li>\n<li data-start=\"568\" data-end=\"628\">\n<p data-start=\"570\" data-end=\"628\">Propri\u00e9t\u00e9s antibact\u00e9riennes et anti-inflammatoires naturelles.<\/p>\n<\/li>\n<li data-start=\"629\" data-end=\"690\">\n<p data-start=\"631\" data-end=\"690\">Convient pour la cuisine, la p\u00e2tisserie ou comme substitut du beurre.<\/p>\n<\/li>\n<\/ul>\n<p data-start=\"692\" data-end=\"775\">Sans produits chimiques, sans additifs et sans proc\u00e9d\u00e9s industriels. Uniquement de la noix de coco pure, comme il se doit. <\/p>\n<p data-start=\"692\" data-end=\"775\">Vegan | Press\u00e9 \u00e0 froid | Sans cruaut\u00e9 | Non raffin\u00e9<\/p>\n","protected":false},"excerpt":{"rendered":"<p>D\u00e9couvrez le pouvoir de la nature avec notre beurre de coco 100% naturel, extrait \u00e0 froid pour pr\u00e9server ses propri\u00e9t\u00e9s. Riche en antioxydants, en acides gras essentiels et en vitamine E, ce beurre est id\u00e9al pour les soins de la peau et des cheveux, mais aussi pour un usage culinaire. Avantages : Hydrate et adoucit [&hellip;]<\/p>\n","protected":false},"featured_media":1333,"template":"","meta":[],"product_brand":[],"product_cat":[127,116],"product_tag":[],"class_list":{"0":"post-1946","1":"product","2":"type-product","3":"status-publish","4":"has-post-thumbnail","6":"product_cat-beurre","7":"product_cat-cosmetique-naturelle","9":"first","10":"instock","11":"purchasable","12":"product-type-variable"},"_links":{"self":[{"href":"https:\/\/terangafrika.com\/index.php?rest_route=\/wp\/v2\/product\/1946","targetHints":{"allow":["GET"]}}],"collection":[{"href":"https:\/\/terangafrika.com\/index.php?rest_route=\/wp\/v2\/product"}],"about":[{"href":"https:\/\/terangafrika.com\/index.php?rest_route=\/wp\/v2\/types\/product"}],"wp:featuredmedia":[{"embeddable":true,"href":"https:\/\/terangafrika.com\/index.php?rest_route=\/wp\/v2\/media\/1333"}],"wp:attachment":[{"href":"https:\/\/terangafrika.com\/index.php?rest_route=%2Fwp%2Fv2%2Fmedia&parent=1946"}],"wp:term":[{"taxonomy":"product_brand","embeddable":true,"href":"https:\/\/terangafrika.com\/index.php?rest_route=%2Fwp%2Fv2%2Fproduct_brand&post=1946"},{"taxonomy":"product_cat","embeddable":true,"href":"https:\/\/terangafrika.com\/index.php?rest_route=%2Fwp%2Fv2%2Fproduct_cat&post=1946"},{"taxonomy":"product_tag","embeddable":true,"href":"https:\/\/terangafrika.com\/index.php?rest_route=%2Fwp%2Fv2%2Fproduct_tag&post=1946"}],"curies":[{"name":"wp","href":"https:\/\/api.w.org\/{rel}","templated":true}]}}