{"id":1940,"date":"2025-07-10T17:48:21","date_gmt":"2025-07-10T17:48:21","guid":{"rendered":"https:\/\/terangafrika.com\/product\/menthe-du-karoo-mentha-longifolia\/"},"modified":"2025-07-21T16:32:28","modified_gmt":"2025-07-21T16:32:28","slug":"menthe-du-karoo-mentha-longifolia","status":"publish","type":"product","link":"https:\/\/terangafrika.com\/?product=menthe-du-karoo-mentha-longifolia","title":{"rendered":"Menthe du Karoo (Mentha longifolia)"},"content":{"rendered":"<p data-start=\"175\" data-end=\"518\">La <strong data-start=\"178\" data-end=\"193\">menthe du Karoo<\/strong> est appr\u00e9ci\u00e9e pour ses propri\u00e9t\u00e9s <strong data-start=\"227\" data-end=\"255\">rafra\u00eechissantes et apaisantes<\/strong>, traditionnellement utilis\u00e9es pour <strong data-start=\"290\" data-end=\"336\">favoriser la digestion, la sant\u00e9 respiratoire<\/strong> et le bien-\u00eatre g\u00e9n\u00e9ral. Cette plante aromatique est r\u00e9put\u00e9e pour sa capacit\u00e9 \u00e0 <strong data-start=\"413\" data-end=\"446\">soulager les maux d&rsquo;estomac<\/strong>, \u00e0 d\u00e9congestionner et \u00e0 procurer une agr\u00e9able sensation de fra\u00eecheur naturelle. <\/p>\n<p data-start=\"520\" data-end=\"676\">Riche en compos\u00e9s naturels tels que le menthol et les flavono\u00efdes, la menthe Karoo <strong data-start=\"599\" data-end=\"647\">favorise l&rsquo;\u00e9quilibre int\u00e9rieur, la vitalit\u00e9<\/strong> et une respiration plus libre.<\/p>\n<p data-start=\"678\" data-end=\"827\">Surnomm\u00e9e <em data-start=\"692\" data-end=\"735\">\u00ab\u00a0le rem\u00e8de rafra\u00eechissant de la nature\u00a0\u00bb,<\/em> cette vari\u00e9t\u00e9 de menthe est l&rsquo;alli\u00e9e id\u00e9ale de ceux qui recherchent le bien-\u00eatre de mani\u00e8re naturelle.<\/p>\n<p data-start=\"829\" data-end=\"927\"><strong data-start=\"829\" data-end=\"927\">D\u00e9couvrez les bienfaits revitalisants de la menthe du Karoo et faites le plein de fra\u00eecheur et d&rsquo;harmonie.<\/strong><\/p>\n","protected":false},"excerpt":{"rendered":"<p>La menthe du Karoo est appr\u00e9ci\u00e9e pour ses propri\u00e9t\u00e9s rafra\u00eechissantes et apaisantes, traditionnellement utilis\u00e9es pour favoriser la digestion, la sant\u00e9 respiratoire et le bien-\u00eatre g\u00e9n\u00e9ral. Cette plante aromatique est r\u00e9put\u00e9e pour sa capacit\u00e9 \u00e0 soulager les maux d&rsquo;estomac, \u00e0 d\u00e9congestionner et \u00e0 procurer une agr\u00e9able sensation de fra\u00eecheur naturelle. Riche en compos\u00e9s naturels tels que [&hellip;]<\/p>\n","protected":false},"featured_media":1329,"template":"","meta":[],"product_brand":[],"product_cat":[119,129],"product_tag":[],"class_list":{"0":"post-1940","1":"product","2":"type-product","3":"status-publish","4":"has-post-thumbnail","6":"product_cat-aliments-naturels","7":"product_cat-capsules","9":"first","10":"instock","11":"taxable","12":"shipping-taxable","13":"purchasable","14":"product-type-simple"},"_links":{"self":[{"href":"https:\/\/terangafrika.com\/index.php?rest_route=\/wp\/v2\/product\/1940","targetHints":{"allow":["GET"]}}],"collection":[{"href":"https:\/\/terangafrika.com\/index.php?rest_route=\/wp\/v2\/product"}],"about":[{"href":"https:\/\/terangafrika.com\/index.php?rest_route=\/wp\/v2\/types\/product"}],"wp:featuredmedia":[{"embeddable":true,"href":"https:\/\/terangafrika.com\/index.php?rest_route=\/wp\/v2\/media\/1329"}],"wp:attachment":[{"href":"https:\/\/terangafrika.com\/index.php?rest_route=%2Fwp%2Fv2%2Fmedia&parent=1940"}],"wp:term":[{"taxonomy":"product_brand","embeddable":true,"href":"https:\/\/terangafrika.com\/index.php?rest_route=%2Fwp%2Fv2%2Fproduct_brand&post=1940"},{"taxonomy":"product_cat","embeddable":true,"href":"https:\/\/terangafrika.com\/index.php?rest_route=%2Fwp%2Fv2%2Fproduct_cat&post=1940"},{"taxonomy":"product_tag","embeddable":true,"href":"https:\/\/terangafrika.com\/index.php?rest_route=%2Fwp%2Fv2%2Fproduct_tag&post=1940"}],"curies":[{"name":"wp","href":"https:\/\/api.w.org\/{rel}","templated":true}]}}