{"id":1937,"date":"2025-07-10T17:40:19","date_gmt":"2025-07-10T17:40:19","guid":{"rendered":"https:\/\/terangafrika.com\/product\/hibiscus-hibiscus-sabdariffa-capsules\/"},"modified":"2025-07-21T16:32:17","modified_gmt":"2025-07-21T16:32:17","slug":"hibiscus-hibiscus-sabdariffa-capsules","status":"publish","type":"product","link":"https:\/\/terangafrika.com\/?product=hibiscus-hibiscus-sabdariffa-capsules","title":{"rendered":"Hibiscus (Hibiscus sabdariffa) Capsules"},"content":{"rendered":"<p data-start=\"188\" data-end=\"455\">L&rsquo;<strong data-start=\"191\" data-end=\"202\">hibiscus<\/strong> est r\u00e9put\u00e9 pour ses <strong data-start=\"239\" data-end=\"270\">propri\u00e9t\u00e9s rajeunissantes<\/strong> exceptionnelles. Cette fleur vibrante et aromatique favorise l&rsquo;<strong data-start=\"315\" data-end=\"349\">hydratation naturelle du corps<\/strong>, stimule la <strong data-start=\"363\" data-end=\"388\">circulation sanguine<\/strong> et contribue \u00e0 un sentiment g\u00e9n\u00e9ral de <strong data-start=\"429\" data-end=\"454\">vitalit\u00e9 et de bien-\u00eatre<\/strong>. <\/p>\n<p data-start=\"457\" data-end=\"676\">Riche en <strong data-start=\"465\" data-end=\"517\">antioxydants, en vitamine C et en min\u00e9raux essentiels<\/strong>, l&rsquo;hibiscus aide \u00e0 <strong data-start=\"538\" data-end=\"583\">prot\u00e9ger les cellules du stress oxydatif<\/strong>, ce qui favorise une <strong data-start=\"601\" data-end=\"630\">peau saine et \u00e9clatante<\/strong> tout en soutenant la sant\u00e9 cardiovasculaire.<\/p>\n<p data-start=\"678\" data-end=\"824\">Surnomm\u00e9 <em data-start=\"692\" data-end=\"717\">\u00ab\u00a0la fleur de la beaut\u00e9\u00a0\u00bb, l&rsquo;<\/em>hibiscus est un v\u00e9ritable tr\u00e9sor botanique pour ceux qui cherchent \u00e0 prendre soin de leur corps de l&rsquo;int\u00e9rieur.<\/p>\n<p data-start=\"826\" data-end=\"914\"><strong data-start=\"826\" data-end=\"914\">D\u00e9couvrez les bienfaits nourrissants et revitalisants de l&rsquo;hibiscus dans votre quotidien.<\/strong><\/p>\n","protected":false},"excerpt":{"rendered":"<p>L&rsquo;hibiscus est r\u00e9put\u00e9 pour ses propri\u00e9t\u00e9s rajeunissantes exceptionnelles. Cette fleur vibrante et aromatique favorise l&rsquo;hydratation naturelle du corps, stimule la circulation sanguine et contribue \u00e0 un sentiment g\u00e9n\u00e9ral de vitalit\u00e9 et de bien-\u00eatre. Riche en antioxydants, en vitamine C et en min\u00e9raux essentiels, l&rsquo;hibiscus aide \u00e0 prot\u00e9ger les cellules du stress oxydatif, ce qui favorise [&hellip;]<\/p>\n","protected":false},"featured_media":1327,"template":"","meta":[],"product_brand":[],"product_cat":[119,129],"product_tag":[],"class_list":{"0":"post-1937","1":"product","2":"type-product","3":"status-publish","4":"has-post-thumbnail","6":"product_cat-aliments-naturels","7":"product_cat-capsules","9":"first","10":"instock","11":"taxable","12":"shipping-taxable","13":"purchasable","14":"product-type-simple"},"_links":{"self":[{"href":"https:\/\/terangafrika.com\/index.php?rest_route=\/wp\/v2\/product\/1937","targetHints":{"allow":["GET"]}}],"collection":[{"href":"https:\/\/terangafrika.com\/index.php?rest_route=\/wp\/v2\/product"}],"about":[{"href":"https:\/\/terangafrika.com\/index.php?rest_route=\/wp\/v2\/types\/product"}],"wp:featuredmedia":[{"embeddable":true,"href":"https:\/\/terangafrika.com\/index.php?rest_route=\/wp\/v2\/media\/1327"}],"wp:attachment":[{"href":"https:\/\/terangafrika.com\/index.php?rest_route=%2Fwp%2Fv2%2Fmedia&parent=1937"}],"wp:term":[{"taxonomy":"product_brand","embeddable":true,"href":"https:\/\/terangafrika.com\/index.php?rest_route=%2Fwp%2Fv2%2Fproduct_brand&post=1937"},{"taxonomy":"product_cat","embeddable":true,"href":"https:\/\/terangafrika.com\/index.php?rest_route=%2Fwp%2Fv2%2Fproduct_cat&post=1937"},{"taxonomy":"product_tag","embeddable":true,"href":"https:\/\/terangafrika.com\/index.php?rest_route=%2Fwp%2Fv2%2Fproduct_tag&post=1937"}],"curies":[{"name":"wp","href":"https:\/\/api.w.org\/{rel}","templated":true}]}}