{"id":1934,"date":"2025-07-10T20:50:09","date_gmt":"2025-07-10T20:50:09","guid":{"rendered":"https:\/\/terangafrika.com\/product\/kinkeliba-le-the-de-longue-vie-combretum-micranthum\/"},"modified":"2025-07-21T16:32:07","modified_gmt":"2025-07-21T16:32:07","slug":"kinkeliba-le-the-de-longue-vie-combretum-micranthum","status":"publish","type":"product","link":"https:\/\/terangafrika.com\/?product=kinkeliba-le-the-de-longue-vie-combretum-micranthum","title":{"rendered":"Kinkeliba &#8211; Le \u00ab\u00a0th\u00e9 de longue vie\u00a0\u00bb ( Combretum micranthum)"},"content":{"rendered":"<p data-start=\"228\" data-end=\"599\">Le <strong data-start=\"231\" data-end=\"244\">kink\u00e9liba<\/strong>, connu sous le nom de <strong data-start=\"263\" data-end=\"288\">\u00ab\u00a0th\u00e9 de longue vie\u00a0\u00bb,<\/strong> est une plante traditionnelle d&rsquo;Afrique de l&rsquo;Ouest reconnue pour ses puissantes propri\u00e9t\u00e9s <strong data-start=\"379\" data-end=\"427\">d\u00e9toxifiantes, digestives et revitalisantes<\/strong>. Utilis\u00e9 ancestralement comme infusion m\u00e9dicinale, il est id\u00e9al pour soutenir la sant\u00e9 du foie, faciliter la digestion et promouvoir un \u00e9tat g\u00e9n\u00e9ral d&rsquo;\u00e9quilibre et de bien-\u00eatre. <\/p>\n<p data-start=\"601\" data-end=\"794\">Riche en antioxydants naturels, le Kinkeliba aide \u00e0 lutter contre les radicaux libres, favorise l&rsquo;\u00e9limination des toxines et contribue \u00e0 maintenir une sensation d&rsquo;\u00e9nergie et de l\u00e9g\u00e8ret\u00e9 dans l&rsquo;organisme.<\/p>\n<p data-start=\"796\" data-end=\"823\"><strong data-start=\"796\" data-end=\"823\">Principaux avantages :<\/strong><\/p>\n<ul data-start=\"824\" data-end=\"1051\">\n<li data-start=\"824\" data-end=\"880\">\n<p data-start=\"826\" data-end=\"880\">Favorise la fonction h\u00e9patique et la purification de l&rsquo;organisme.<\/p>\n<\/li>\n<li data-start=\"881\" data-end=\"937\">\n<p data-start=\"883\" data-end=\"937\">Favorise la digestion et soulage les maux d&rsquo;estomac.<\/p>\n<\/li>\n<li data-start=\"938\" data-end=\"986\">\n<p data-start=\"940\" data-end=\"986\">Stimule la vitalit\u00e9 et l&rsquo;\u00e9quilibre int\u00e9rieur.<\/p>\n<\/li>\n<li data-start=\"987\" data-end=\"1051\">\n<p data-start=\"989\" data-end=\"1051\">Id\u00e9al en infusion quotidienne \u00e0 jeun ou apr\u00e8s les repas.<\/p>\n<\/li>\n<\/ul>\n<p data-start=\"1053\" data-end=\"1123\">\ud83c\udf3f <strong data-start=\"1056\" data-end=\"1123\">100% naturel | Sans caf\u00e9ine | Tradition africaine \u00e0 base de plantes | Vegan<\/strong><\/p>\n<p data-start=\"1125\" data-end=\"1264\">D\u00e9couvrez les bienfaits purifiants et revitalisants du <strong data-start=\"1182\" data-end=\"1195\">Kinkeliba<\/strong> et accompagnez votre routine quotidienne avec cet \u00e9lixir de bien-\u00eatre ancestral.<\/p>\n","protected":false},"excerpt":{"rendered":"<p>Le kink\u00e9liba, connu sous le nom de \u00ab\u00a0th\u00e9 de longue vie\u00a0\u00bb, est une plante traditionnelle d&rsquo;Afrique de l&rsquo;Ouest reconnue pour ses puissantes propri\u00e9t\u00e9s d\u00e9toxifiantes, digestives et revitalisantes. Utilis\u00e9 ancestralement comme infusion m\u00e9dicinale, il est id\u00e9al pour soutenir la sant\u00e9 du foie, faciliter la digestion et promouvoir un \u00e9tat g\u00e9n\u00e9ral d&rsquo;\u00e9quilibre et de bien-\u00eatre. Riche en [&hellip;]<\/p>\n","protected":false},"featured_media":1353,"template":"","meta":[],"product_brand":[],"product_cat":[119,143],"product_tag":[],"class_list":{"0":"post-1934","1":"product","2":"type-product","3":"status-publish","4":"has-post-thumbnail","6":"product_cat-aliments-naturels","7":"product_cat-tisanes-a-base-de-plantes-et-tisanes-medicinales","9":"first","10":"instock","11":"taxable","12":"shipping-taxable","13":"purchasable","14":"product-type-simple"},"_links":{"self":[{"href":"https:\/\/terangafrika.com\/index.php?rest_route=\/wp\/v2\/product\/1934","targetHints":{"allow":["GET"]}}],"collection":[{"href":"https:\/\/terangafrika.com\/index.php?rest_route=\/wp\/v2\/product"}],"about":[{"href":"https:\/\/terangafrika.com\/index.php?rest_route=\/wp\/v2\/types\/product"}],"wp:featuredmedia":[{"embeddable":true,"href":"https:\/\/terangafrika.com\/index.php?rest_route=\/wp\/v2\/media\/1353"}],"wp:attachment":[{"href":"https:\/\/terangafrika.com\/index.php?rest_route=%2Fwp%2Fv2%2Fmedia&parent=1934"}],"wp:term":[{"taxonomy":"product_brand","embeddable":true,"href":"https:\/\/terangafrika.com\/index.php?rest_route=%2Fwp%2Fv2%2Fproduct_brand&post=1934"},{"taxonomy":"product_cat","embeddable":true,"href":"https:\/\/terangafrika.com\/index.php?rest_route=%2Fwp%2Fv2%2Fproduct_cat&post=1934"},{"taxonomy":"product_tag","embeddable":true,"href":"https:\/\/terangafrika.com\/index.php?rest_route=%2Fwp%2Fv2%2Fproduct_tag&post=1934"}],"curies":[{"name":"wp","href":"https:\/\/api.w.org\/{rel}","templated":true}]}}