{"id":1928,"date":"2025-07-09T19:52:07","date_gmt":"2025-07-09T19:52:07","guid":{"rendered":"https:\/\/terangafrika.com\/product\/huile-de-touloucouna-carapa-procera\/"},"modified":"2025-07-21T16:31:57","modified_gmt":"2025-07-21T16:31:57","slug":"huile-de-touloucouna-carapa-procera","status":"publish","type":"product","link":"https:\/\/terangafrika.com\/?product=huile-de-touloucouna-carapa-procera","title":{"rendered":"Huile de touloucouna (Carapa procera)"},"content":{"rendered":"<p data-start=\"207\" data-end=\"499\">Prenez soin de votre peau avec l&rsquo;<strong data-start=\"228\" data-end=\"270\">huile de Touloucouna (Carapa procera)<\/strong>, un tr\u00e9sor v\u00e9g\u00e9tal m\u00e9connu mais tr\u00e8s efficace. Obtenue par pression \u00e0 froid des graines de l&rsquo;arbre africain Touloucouna, cette huile 100% pure est un alli\u00e9 naturel des traitements de la peau et du cuir chevelu. <\/p>\n<p data-start=\"501\" data-end=\"530\"><strong data-start=\"503\" data-end=\"529\">\u2728 Propri\u00e9t\u00e9s exceptionnelles<\/strong>:<\/p>\n<ul data-start=\"532\" data-end=\"911\">\n<li data-start=\"532\" data-end=\"585\">\n<p data-start=\"534\" data-end=\"585\">100% naturel et pur, sans produits chimiques ni conservateurs.<\/p>\n<\/li>\n<li data-start=\"586\" data-end=\"654\">\n<p data-start=\"588\" data-end=\"654\">Reconnu pour ses propri\u00e9t\u00e9s anti-inflammatoires et cicatrisantes<\/p>\n<\/li>\n<li data-start=\"655\" data-end=\"726\">\n<p data-start=\"657\" data-end=\"726\">Id\u00e9al pour les peaux sujettes \u00e0 l&rsquo;ecz\u00e9ma, au psoriasis ou aux irritations<\/p>\n<\/li>\n<li data-start=\"727\" data-end=\"805\">\n<p data-start=\"729\" data-end=\"805\">R\u00e9pulsif naturel (traditionnellement utilis\u00e9 contre les moustiques)<\/p>\n<\/li>\n<li data-start=\"806\" data-end=\"855\">\n<p data-start=\"808\" data-end=\"855\">Nourrit en profondeur sans laisser de sensation de gras<\/p>\n<\/li>\n<li data-start=\"856\" data-end=\"911\">\n<p data-start=\"858\" data-end=\"911\">Utile pour les massages th\u00e9rapeutiques et les soins des articulations<\/p>\n<\/li>\n<\/ul>\n<p data-start=\"913\" data-end=\"1142\"><strong data-start=\"916\" data-end=\"941\">\ud83c\udf31 Production durable<\/strong><br data-start=\"941\" data-end=\"944\">Notre huile est obtenue par un proc\u00e9d\u00e9 de pression \u00e0 froid, pr\u00e9servant tous les principes actifs naturels de la graine de Touloucouna, et soutenant l&rsquo;\u00e9conomie locale de son pays d&rsquo;origine.<\/p>\n","protected":false},"excerpt":{"rendered":"<p>Prenez soin de votre peau avec l&rsquo;huile de Touloucouna (Carapa procera), un tr\u00e9sor v\u00e9g\u00e9tal m\u00e9connu mais tr\u00e8s efficace. Obtenue par pression \u00e0 froid des graines de l&rsquo;arbre africain Touloucouna, cette huile 100% pure est un alli\u00e9 naturel des traitements de la peau et du cuir chevelu. \u2728 Propri\u00e9t\u00e9s exceptionnelles: 100% naturel et pur, sans produits [&hellip;]<\/p>\n","protected":false},"featured_media":1287,"template":"","meta":[],"product_brand":[],"product_cat":[116,117],"product_tag":[118],"class_list":{"0":"post-1928","1":"product","2":"type-product","3":"status-publish","4":"has-post-thumbnail","6":"product_cat-cosmetique-naturelle","7":"product_cat-huiles-naturelles","8":"product_tag-produits-ancestraux","10":"first","11":"instock","12":"purchasable","13":"product-type-variable"},"_links":{"self":[{"href":"https:\/\/terangafrika.com\/index.php?rest_route=\/wp\/v2\/product\/1928","targetHints":{"allow":["GET"]}}],"collection":[{"href":"https:\/\/terangafrika.com\/index.php?rest_route=\/wp\/v2\/product"}],"about":[{"href":"https:\/\/terangafrika.com\/index.php?rest_route=\/wp\/v2\/types\/product"}],"wp:featuredmedia":[{"embeddable":true,"href":"https:\/\/terangafrika.com\/index.php?rest_route=\/wp\/v2\/media\/1287"}],"wp:attachment":[{"href":"https:\/\/terangafrika.com\/index.php?rest_route=%2Fwp%2Fv2%2Fmedia&parent=1928"}],"wp:term":[{"taxonomy":"product_brand","embeddable":true,"href":"https:\/\/terangafrika.com\/index.php?rest_route=%2Fwp%2Fv2%2Fproduct_brand&post=1928"},{"taxonomy":"product_cat","embeddable":true,"href":"https:\/\/terangafrika.com\/index.php?rest_route=%2Fwp%2Fv2%2Fproduct_cat&post=1928"},{"taxonomy":"product_tag","embeddable":true,"href":"https:\/\/terangafrika.com\/index.php?rest_route=%2Fwp%2Fv2%2Fproduct_tag&post=1928"}],"curies":[{"name":"wp","href":"https:\/\/api.w.org\/{rel}","templated":true}]}}