{"id":1904,"date":"2025-07-09T20:00:55","date_gmt":"2025-07-09T20:00:55","guid":{"rendered":"https:\/\/terangafrika.com\/product\/huile-de-neem-pressee-a-froid-100-pure-azadirachta-indica\/"},"modified":"2025-07-21T16:31:22","modified_gmt":"2025-07-21T16:31:22","slug":"huile-de-neem-pressee-a-froid-100-pure-azadirachta-indica","status":"publish","type":"product","link":"https:\/\/terangafrika.com\/?product=huile-de-neem-pressee-a-froid-100-pure-azadirachta-indica","title":{"rendered":"Huile de Neem &#8211; Press\u00e9e \u00e0 froid (100% pure) Azadirachta indica"},"content":{"rendered":"<p data-start=\"216\" data-end=\"542\">Connue sous le nom d'\u00a0\u00bbarbre de vie\u00a0\u00bb dans la m\u00e9decine ayurv\u00e9dique, l&rsquo;<strong data-start=\"282\" data-end=\"321\">huile de neem (Azadirachta indica<\/strong> ) est un puissant rem\u00e8de naturel aux multiples bienfaits pour la peau, les cheveux et l&rsquo;entretien de la maison. Notre huile est 100% pure, press\u00e9e \u00e0 froid, sans additifs ni conservateurs, afin de garantir une efficacit\u00e9 maximale. <\/p>\n<p data-start=\"544\" data-end=\"573\"><strong data-start=\"546\" data-end=\"572\">\u2728 Propri\u00e9t\u00e9s exceptionnelles<\/strong>:<\/p>\n<ul data-start=\"575\" data-end=\"951\">\n<li data-start=\"575\" data-end=\"633\">\n<p data-start=\"577\" data-end=\"633\">Puissant antibact\u00e9rien, antifongique et anti-inflammatoire<\/p>\n<\/li>\n<li data-start=\"634\" data-end=\"698\">\n<p data-start=\"636\" data-end=\"698\">Id\u00e9al pour les peaux pr\u00e9sentant de l&rsquo;acn\u00e9, de l&rsquo;ecz\u00e9ma, du psoriasis ou des infections<\/p>\n<\/li>\n<li data-start=\"699\" data-end=\"752\">\n<p data-start=\"701\" data-end=\"752\">Aide \u00e0 purifier et \u00e0 \u00e9quilibrer le cuir chevelu<\/p>\n<\/li>\n<li data-start=\"753\" data-end=\"830\">\n<p data-start=\"755\" data-end=\"830\">R\u00e9pulsif naturel contre les insectes (utilis\u00e9 pour le jardinage et les soins aux animaux)<\/p>\n<\/li>\n<li data-start=\"831\" data-end=\"884\">\n<p data-start=\"833\" data-end=\"884\">Riche en acides gras, en vitamine E et en antioxydants<\/p>\n<\/li>\n<li data-start=\"885\" data-end=\"951\">\n<p data-start=\"887\" data-end=\"951\">Texture dense et ar\u00f4me caract\u00e9ristique, \u00e0 fort pouvoir th\u00e9rapeutique.<\/p>\n<\/li>\n<\/ul>\n<p data-start=\"953\" data-end=\"1180\"><br data-start=\"988\" data-end=\"991\">Notre huile de neem <strong data-start=\"956\" data-end=\"988\">est<\/strong> press\u00e9e \u00e0 froid \u00e0 partir des graines de l&rsquo;arbre Azadirachta indica, ce qui permet de pr\u00e9server ses propri\u00e9t\u00e9s m\u00e9dicinales et de soutenir les pratiques agricoles durables.<\/p>\n","protected":false},"excerpt":{"rendered":"<p>Connue sous le nom d&rsquo;\u00a0\u00bbarbre de vie\u00a0\u00bb dans la m\u00e9decine ayurv\u00e9dique, l&rsquo;huile de neem (Azadirachta indica ) est un puissant rem\u00e8de naturel aux multiples bienfaits pour la peau, les cheveux et l&rsquo;entretien de la maison. Notre huile est 100% pure, press\u00e9e \u00e0 froid, sans additifs ni conservateurs, afin de garantir une efficacit\u00e9 maximale. \u2728 Propri\u00e9t\u00e9s [&hellip;]<\/p>\n","protected":false},"featured_media":1291,"template":"","meta":[],"product_brand":[],"product_cat":[116,117],"product_tag":[118],"class_list":{"0":"post-1904","1":"product","2":"type-product","3":"status-publish","4":"has-post-thumbnail","6":"product_cat-cosmetique-naturelle","7":"product_cat-huiles-naturelles","8":"product_tag-produits-ancestraux","10":"first","11":"instock","12":"purchasable","13":"product-type-variable"},"_links":{"self":[{"href":"https:\/\/terangafrika.com\/index.php?rest_route=\/wp\/v2\/product\/1904","targetHints":{"allow":["GET"]}}],"collection":[{"href":"https:\/\/terangafrika.com\/index.php?rest_route=\/wp\/v2\/product"}],"about":[{"href":"https:\/\/terangafrika.com\/index.php?rest_route=\/wp\/v2\/types\/product"}],"wp:featuredmedia":[{"embeddable":true,"href":"https:\/\/terangafrika.com\/index.php?rest_route=\/wp\/v2\/media\/1291"}],"wp:attachment":[{"href":"https:\/\/terangafrika.com\/index.php?rest_route=%2Fwp%2Fv2%2Fmedia&parent=1904"}],"wp:term":[{"taxonomy":"product_brand","embeddable":true,"href":"https:\/\/terangafrika.com\/index.php?rest_route=%2Fwp%2Fv2%2Fproduct_brand&post=1904"},{"taxonomy":"product_cat","embeddable":true,"href":"https:\/\/terangafrika.com\/index.php?rest_route=%2Fwp%2Fv2%2Fproduct_cat&post=1904"},{"taxonomy":"product_tag","embeddable":true,"href":"https:\/\/terangafrika.com\/index.php?rest_route=%2Fwp%2Fv2%2Fproduct_tag&post=1904"}],"curies":[{"name":"wp","href":"https:\/\/api.w.org\/{rel}","templated":true}]}}