{"id":1894,"date":"2025-07-09T09:06:54","date_gmt":"2025-07-09T09:06:54","guid":{"rendered":"https:\/\/terangafrika.com\/product\/beurre-de-mangue-naturel\/"},"modified":"2025-07-21T16:31:08","modified_gmt":"2025-07-21T16:31:08","slug":"beurre-de-mangue-naturel","status":"publish","type":"product","link":"https:\/\/terangafrika.com\/?product=beurre-de-mangue-naturel","title":{"rendered":"Beurre de mangue naturel"},"content":{"rendered":"<p data-start=\"208\" data-end=\"526\">D\u00e9couvrez le pouvoir nourrissant de notre <strong data-start=\"247\" data-end=\"280\">beurre de mangue 100 % naturel<\/strong>, extrait du noyau de la mangue et soigneusement trait\u00e9 pour pr\u00e9server toutes ses propri\u00e9t\u00e9s. Riche en antioxydants, en vitamines A, C et E et en acides gras essentiels, ce beurre est id\u00e9al pour hydrater, adoucir et prot\u00e9ger la peau et les cheveux. <\/p>\n<p data-start=\"528\" data-end=\"787\">Avec une texture cr\u00e9meuse et une absorption facile, le beurre de mangue est parfait pour combattre la s\u00e9cheresse, am\u00e9liorer l&rsquo;\u00e9lasticit\u00e9 de la peau et restaurer la brillance naturelle des cheveux sans laisser de sensation de gras. Convient \u00e0 tous les types de peau, m\u00eame les plus sensibles. <\/p>\n<p data-start=\"789\" data-end=\"806\"><strong data-start=\"789\" data-end=\"806\">Utilisations courantes :<\/strong><\/p>\n<ul data-start=\"807\" data-end=\"926\">\n<li data-start=\"807\" data-end=\"837\">\n<p data-start=\"809\" data-end=\"837\">Cr\u00e8me hydratante pour le corps et le visage<\/p>\n<\/li>\n<li data-start=\"838\" data-end=\"862\">\n<p data-start=\"840\" data-end=\"862\">Baume \u00e0 l\u00e8vres naturel<\/p>\n<\/li>\n<li data-start=\"863\" data-end=\"894\">\n<p data-start=\"865\" data-end=\"894\">Traitement capillaire nourrissant<\/p>\n<\/li>\n<li data-start=\"895\" data-end=\"926\">\n<p data-start=\"897\" data-end=\"926\">Soin des mains et des pieds secs<\/p>\n<\/li>\n<\/ul>\n<p data-start=\"928\" data-end=\"995\"><strong data-start=\"928\" data-end=\"995\">Pas d&rsquo;additifs, pas de parfums, pas de produits chimiques. Juste la nature \u00e0 l&rsquo;\u00e9tat pur. <\/strong><\/p>\n<p data-start=\"997\" data-end=\"1098\">Red\u00e9couvrez les soins ancestraux avec ce cadeau tropical qui nourrit et respecte votre corps en profondeur.<\/p>\n<p data-start=\"997\" data-end=\"1098\">Vegan | Press\u00e9 \u00e0 froid | Sans cruaut\u00e9 | Non raffin\u00e9<\/p>\n","protected":false},"excerpt":{"rendered":"<p>D\u00e9couvrez le pouvoir nourrissant de notre beurre de mangue 100 % naturel, extrait du noyau de la mangue et soigneusement trait\u00e9 pour pr\u00e9server toutes ses propri\u00e9t\u00e9s. Riche en antioxydants, en vitamines A, C et E et en acides gras essentiels, ce beurre est id\u00e9al pour hydrater, adoucir et prot\u00e9ger la peau et les cheveux. Avec [&hellip;]<\/p>\n","protected":false},"featured_media":1331,"template":"","meta":[],"product_brand":[],"product_cat":[127,116],"product_tag":[118],"class_list":{"0":"post-1894","1":"product","2":"type-product","3":"status-publish","4":"has-post-thumbnail","6":"product_cat-beurre","7":"product_cat-cosmetique-naturelle","8":"product_tag-produits-ancestraux","10":"first","11":"instock","12":"purchasable","13":"product-type-variable"},"_links":{"self":[{"href":"https:\/\/terangafrika.com\/index.php?rest_route=\/wp\/v2\/product\/1894","targetHints":{"allow":["GET"]}}],"collection":[{"href":"https:\/\/terangafrika.com\/index.php?rest_route=\/wp\/v2\/product"}],"about":[{"href":"https:\/\/terangafrika.com\/index.php?rest_route=\/wp\/v2\/types\/product"}],"wp:featuredmedia":[{"embeddable":true,"href":"https:\/\/terangafrika.com\/index.php?rest_route=\/wp\/v2\/media\/1331"}],"wp:attachment":[{"href":"https:\/\/terangafrika.com\/index.php?rest_route=%2Fwp%2Fv2%2Fmedia&parent=1894"}],"wp:term":[{"taxonomy":"product_brand","embeddable":true,"href":"https:\/\/terangafrika.com\/index.php?rest_route=%2Fwp%2Fv2%2Fproduct_brand&post=1894"},{"taxonomy":"product_cat","embeddable":true,"href":"https:\/\/terangafrika.com\/index.php?rest_route=%2Fwp%2Fv2%2Fproduct_cat&post=1894"},{"taxonomy":"product_tag","embeddable":true,"href":"https:\/\/terangafrika.com\/index.php?rest_route=%2Fwp%2Fv2%2Fproduct_tag&post=1894"}],"curies":[{"name":"wp","href":"https:\/\/api.w.org\/{rel}","templated":true}]}}