{"id":1878,"date":"2025-07-08T11:19:27","date_gmt":"2025-07-08T11:19:27","guid":{"rendered":"https:\/\/terangafrika.com\/product\/huile-de-coco-naturelle\/"},"modified":"2025-07-21T16:30:47","modified_gmt":"2025-07-21T16:30:47","slug":"huile-de-coco-naturelle","status":"publish","type":"product","link":"https:\/\/terangafrika.com\/?product=huile-de-coco-naturelle","title":{"rendered":"Huile de coco naturelle"},"content":{"rendered":"<p>Extraite \u00e0 la main des noix de coco cultiv\u00e9es dans les r\u00e9gions c\u00f4ti\u00e8res du S\u00e9n\u00e9gal, notre <strong data-start=\"269\" data-end=\"294\">huile de coco vierge<\/strong> est 100% naturelle, non raffin\u00e9e et press\u00e9e \u00e0 froid, ce qui garantit la pr\u00e9servation de tous ses nutriments et de son ar\u00f4me exotique caract\u00e9ristique.<\/p>\n<p>&nbsp;<\/p>\n<p data-start=\"65\" data-end=\"169\"><strong data-start=\"65\" data-end=\"169\">Huile utilis\u00e9e dans les massages du cuir chevelu, elle est \u00e9galement appr\u00e9ci\u00e9e comme d\u00e9odorant ou dentifrice.<\/strong><\/p>\n<p data-start=\"171\" data-end=\"242\">En cuisine, il accompagne bien les poissons et est excellent dans les g\u00e2teaux.<\/p>\n","protected":false},"excerpt":{"rendered":"<p>Extraite \u00e0 la main des noix de coco cultiv\u00e9es dans les r\u00e9gions c\u00f4ti\u00e8res du S\u00e9n\u00e9gal, notre huile de coco vierge est 100% naturelle, non raffin\u00e9e et press\u00e9e \u00e0 froid, ce qui garantit la pr\u00e9servation de tous ses nutriments et de son ar\u00f4me exotique caract\u00e9ristique. &nbsp; Huile utilis\u00e9e dans les massages du cuir chevelu, elle est [&hellip;]<\/p>\n","protected":false},"featured_media":1267,"template":"","meta":[],"product_brand":[],"product_cat":[116,117],"product_tag":[118],"class_list":{"0":"post-1878","1":"product","2":"type-product","3":"status-publish","4":"has-post-thumbnail","6":"product_cat-cosmetique-naturelle","7":"product_cat-huiles-naturelles","8":"product_tag-produits-ancestraux","10":"first","11":"instock","12":"purchasable","13":"product-type-variable"},"_links":{"self":[{"href":"https:\/\/terangafrika.com\/index.php?rest_route=\/wp\/v2\/product\/1878","targetHints":{"allow":["GET"]}}],"collection":[{"href":"https:\/\/terangafrika.com\/index.php?rest_route=\/wp\/v2\/product"}],"about":[{"href":"https:\/\/terangafrika.com\/index.php?rest_route=\/wp\/v2\/types\/product"}],"wp:featuredmedia":[{"embeddable":true,"href":"https:\/\/terangafrika.com\/index.php?rest_route=\/wp\/v2\/media\/1267"}],"wp:attachment":[{"href":"https:\/\/terangafrika.com\/index.php?rest_route=%2Fwp%2Fv2%2Fmedia&parent=1878"}],"wp:term":[{"taxonomy":"product_brand","embeddable":true,"href":"https:\/\/terangafrika.com\/index.php?rest_route=%2Fwp%2Fv2%2Fproduct_brand&post=1878"},{"taxonomy":"product_cat","embeddable":true,"href":"https:\/\/terangafrika.com\/index.php?rest_route=%2Fwp%2Fv2%2Fproduct_cat&post=1878"},{"taxonomy":"product_tag","embeddable":true,"href":"https:\/\/terangafrika.com\/index.php?rest_route=%2Fwp%2Fv2%2Fproduct_tag&post=1878"}],"curies":[{"name":"wp","href":"https:\/\/api.w.org\/{rel}","templated":true}]}}