{"id":1843,"date":"2025-07-08T11:19:26","date_gmt":"2025-07-08T11:19:26","guid":{"rendered":"https:\/\/terangafrika.com\/product\/sel-de-kaolack-sel-africain-non-raffine-riche-en-mineraux\/"},"modified":"2025-07-21T16:30:17","modified_gmt":"2025-07-21T16:30:17","slug":"sel-de-kaolack-sel-africain-non-raffine-riche-en-mineraux","status":"publish","type":"product","link":"https:\/\/terangafrika.com\/?product=sel-de-kaolack-sel-africain-non-raffine-riche-en-mineraux","title":{"rendered":"Sel de Kaolack, sel africain non raffin\u00e9, riche en min\u00e9raux."},"content":{"rendered":"<p data-start=\"232\" data-end=\"528\">Le <strong data-start=\"235\" data-end=\"253\">sel de Kaolack<\/strong> provient des mines de sel traditionnelles de Kaolack au S\u00e9n\u00e9gal, o\u00f9 il est extrait selon des techniques traditionnelles. Ce sel marin non raffin\u00e9 est riche en min\u00e9raux naturels et se pr\u00e9sente sous forme de cristaux grossiers ou moulus, pr\u00e9servant ainsi sa puret\u00e9 et sa saveur intense. <\/p>\n<p data-start=\"530\" data-end=\"563\">\u2728 <strong data-start=\"532\" data-end=\"562\">Caract\u00e9ristiques principales<\/strong>:<\/p>\n<ul data-start=\"565\" data-end=\"837\">\n<li data-start=\"565\" data-end=\"611\">\n<p data-start=\"567\" data-end=\"611\">100% naturel, sans additifs ni agents de blanchiment<\/p>\n<\/li>\n<li data-start=\"612\" data-end=\"665\">\n<p data-start=\"614\" data-end=\"665\">Riche en min\u00e9raux tels que le magn\u00e9sium, le potassium et le calcium<\/p>\n<\/li>\n<li data-start=\"666\" data-end=\"719\">\n<p data-start=\"668\" data-end=\"719\">Cristaux \u00e0 la texture croquante et au go\u00fbt authentique<\/p>\n<\/li>\n<li data-start=\"720\" data-end=\"782\">\n<p data-start=\"722\" data-end=\"782\">Id\u00e9al pour assaisonner les viandes, les poissons, les l\u00e9gumes ou les salades.<\/p>\n<\/li>\n<li data-start=\"783\" data-end=\"837\">\n<p data-start=\"785\" data-end=\"837\">Produits de mani\u00e8re artisanale par les communaut\u00e9s locales<\/p>\n<\/li>\n<\/ul>\n<p data-start=\"839\" data-end=\"1057\"><strong data-start=\"842\" data-end=\"866\">\ud83c\udf0d Une origine identitaire<\/strong><br data-start=\"866\" data-end=\"869\">R\u00e9colt\u00e9 dans les marais salants du delta du Saloum, ce sel se distingue non seulement par son go\u00fbt, mais aussi par sa valeur culturelle et sociale, en soutenant les femmes et les coop\u00e9ratives rurales de la r\u00e9gion.<\/p>\n","protected":false},"excerpt":{"rendered":"<p>Sel de Kaolack &#8211; Sel min\u00e9ral pur<\/p>\n","protected":false},"featured_media":1149,"template":"","meta":[],"product_brand":[],"product_cat":[119,120],"product_tag":[135],"class_list":{"0":"post-1843","1":"product","2":"type-product","3":"status-publish","4":"has-post-thumbnail","6":"product_cat-aliments-naturels","7":"product_cat-sauces-et-condiments","8":"product_tag-saveurs-africaines","10":"first","11":"instock","12":"purchasable","13":"product-type-simple"},"_links":{"self":[{"href":"https:\/\/terangafrika.com\/index.php?rest_route=\/wp\/v2\/product\/1843","targetHints":{"allow":["GET"]}}],"collection":[{"href":"https:\/\/terangafrika.com\/index.php?rest_route=\/wp\/v2\/product"}],"about":[{"href":"https:\/\/terangafrika.com\/index.php?rest_route=\/wp\/v2\/types\/product"}],"wp:featuredmedia":[{"embeddable":true,"href":"https:\/\/terangafrika.com\/index.php?rest_route=\/wp\/v2\/media\/1149"}],"wp:attachment":[{"href":"https:\/\/terangafrika.com\/index.php?rest_route=%2Fwp%2Fv2%2Fmedia&parent=1843"}],"wp:term":[{"taxonomy":"product_brand","embeddable":true,"href":"https:\/\/terangafrika.com\/index.php?rest_route=%2Fwp%2Fv2%2Fproduct_brand&post=1843"},{"taxonomy":"product_cat","embeddable":true,"href":"https:\/\/terangafrika.com\/index.php?rest_route=%2Fwp%2Fv2%2Fproduct_cat&post=1843"},{"taxonomy":"product_tag","embeddable":true,"href":"https:\/\/terangafrika.com\/index.php?rest_route=%2Fwp%2Fv2%2Fproduct_tag&post=1843"}],"curies":[{"name":"wp","href":"https:\/\/api.w.org\/{rel}","templated":true}]}}