{"id":1836,"date":"2025-07-08T11:19:26","date_gmt":"2025-07-08T11:19:26","guid":{"rendered":"https:\/\/terangafrika.com\/product\/mangue-sechee-100-naturelle\/"},"modified":"2025-07-21T16:30:07","modified_gmt":"2025-07-21T16:30:07","slug":"mangue-sechee-100-naturelle","status":"publish","type":"product","link":"https:\/\/terangafrika.com\/?product=mangue-sechee-100-naturelle","title":{"rendered":"Mangue s\u00e9ch\u00e9e &#8211; 100% naturelle"},"content":{"rendered":"<p data-start=\"187\" data-end=\"228\"><strong data-start=\"187\" data-end=\"228\">Sans sucre ajout\u00e9 &#8211; Sans conservateur<\/strong><\/p>\n<p data-start=\"230\" data-end=\"492\">Notre <strong data-start=\"238\" data-end=\"260\">mangue s\u00e9ch\u00e9e<\/strong> est un en-cas naturel, sucr\u00e9 et savoureux, fabriqu\u00e9 uniquement \u00e0 partir de mangues m\u00fbres de haute qualit\u00e9. Lentement s\u00e9ch\u00e9e au soleil ou \u00e0 basse temp\u00e9rature, elle conserve toute sa valeur nutritionnelle, sa couleur \u00e9clatante et son d\u00e9licieux ar\u00f4me tropical. <\/p>\n<p data-start=\"494\" data-end=\"522\"><strong data-start=\"496\" data-end=\"521\">\u2728 Des avantages exceptionnels<\/strong>:<\/p>\n<ul data-start=\"524\" data-end=\"874\">\n<li data-start=\"524\" data-end=\"573\">\n<p data-start=\"526\" data-end=\"573\">100% fruits, sans additifs ni sucres ajout\u00e9s<\/p>\n<\/li>\n<li data-start=\"574\" data-end=\"630\">\n<p data-start=\"576\" data-end=\"630\">Riche en fibres, en vitamine A, en antioxydants et en min\u00e9raux<\/p>\n<\/li>\n<li data-start=\"631\" data-end=\"680\">\n<p data-start=\"633\" data-end=\"680\">Facilite la digestion et fournit de l&rsquo;\u00e9nergie naturelle<\/p>\n<\/li>\n<li data-start=\"681\" data-end=\"782\">\n<p data-start=\"683\" data-end=\"782\">Id\u00e9al comme en-cas sain, pour les enfants, les sportifs ou pour ajouter aux mueslis, yaourts et p\u00e2tisseries.<\/p>\n<\/li>\n<li data-start=\"783\" data-end=\"837\">\n<p data-start=\"785\" data-end=\"837\">Texture tendre, avec une douceur naturelle et un ar\u00f4me intense<\/p>\n<\/li>\n<li data-start=\"838\" data-end=\"874\">\n<p data-start=\"840\" data-end=\"874\">Sans sulfites &#8211; Sans gluten &#8211; V\u00e9g\u00e9talien<\/p>\n<\/li>\n<\/ul>\n<p data-start=\"876\" data-end=\"1072\"><strong data-start=\"879\" data-end=\"908\">\ud83c\udf31 Approvisionnement \u00e9thique et durable<\/strong><br data-start=\"908\" data-end=\"911\">Provenant de petits producteurs locaux, cette mangue est cultiv\u00e9e et s\u00e9ch\u00e9e de mani\u00e8re artisanale, dans le respect de l&rsquo;environnement et en soutenant le commerce \u00e9quitable.<\/p>\n","protected":false},"excerpt":{"rendered":"<p>Tranches de mangue s\u00e9ch\u00e9e &#8211; Delicioso Tropical<\/p>\n","protected":false},"featured_media":1275,"template":"","meta":[],"product_brand":[],"product_cat":[119,136],"product_tag":[135],"class_list":{"0":"post-1836","1":"product","2":"type-product","3":"status-publish","4":"has-post-thumbnail","6":"product_cat-aliments-naturels","7":"product_cat-fruits-secs-et-fruits-a-coque","8":"product_tag-saveurs-africaines","10":"first","11":"instock","12":"purchasable","13":"product-type-simple"},"_links":{"self":[{"href":"https:\/\/terangafrika.com\/index.php?rest_route=\/wp\/v2\/product\/1836","targetHints":{"allow":["GET"]}}],"collection":[{"href":"https:\/\/terangafrika.com\/index.php?rest_route=\/wp\/v2\/product"}],"about":[{"href":"https:\/\/terangafrika.com\/index.php?rest_route=\/wp\/v2\/types\/product"}],"wp:featuredmedia":[{"embeddable":true,"href":"https:\/\/terangafrika.com\/index.php?rest_route=\/wp\/v2\/media\/1275"}],"wp:attachment":[{"href":"https:\/\/terangafrika.com\/index.php?rest_route=%2Fwp%2Fv2%2Fmedia&parent=1836"}],"wp:term":[{"taxonomy":"product_brand","embeddable":true,"href":"https:\/\/terangafrika.com\/index.php?rest_route=%2Fwp%2Fv2%2Fproduct_brand&post=1836"},{"taxonomy":"product_cat","embeddable":true,"href":"https:\/\/terangafrika.com\/index.php?rest_route=%2Fwp%2Fv2%2Fproduct_cat&post=1836"},{"taxonomy":"product_tag","embeddable":true,"href":"https:\/\/terangafrika.com\/index.php?rest_route=%2Fwp%2Fv2%2Fproduct_tag&post=1836"}],"curies":[{"name":"wp","href":"https:\/\/api.w.org\/{rel}","templated":true}]}}