{"id":1834,"date":"2025-07-08T11:19:26","date_gmt":"2025-07-08T11:19:26","guid":{"rendered":"https:\/\/terangafrika.com\/product\/miel-sauvage-du-sahel-100-pur-et-cru\/"},"modified":"2025-07-21T16:30:00","modified_gmt":"2025-07-21T16:30:00","slug":"miel-sauvage-du-sahel-100-pur-et-cru","status":"publish","type":"product","link":"https:\/\/terangafrika.com\/?product=miel-sauvage-du-sahel-100-pur-et-cru","title":{"rendered":"Miel sauvage du Sahel &#8211; 100% pur et cru"},"content":{"rendered":"<p data-start=\"200\" data-end=\"248\"><strong data-start=\"200\" data-end=\"248\">Collecte traditionnelle d&rsquo;abeilles sauvages<\/strong><\/p>\n<p data-start=\"250\" data-end=\"567\">Notre <strong data-start=\"258\" data-end=\"284\">miel sauvage du Sahel<\/strong> provient de ruches naturelles situ\u00e9es dans les for\u00eats et les savanes du Sahel africain. Il est r\u00e9colt\u00e9 de mani\u00e8re ancestrale par les communaut\u00e9s locales, sans intervention industrielle, ni filtrage, ni chauffage. Cela lui permet de conserver intactes toutes ses propri\u00e9t\u00e9s, son ar\u00f4me et sa saveur.  <\/p>\n<p data-start=\"569\" data-end=\"598\">\u2728 <strong data-start=\"571\" data-end=\"597\">Caract\u00e9ristiques uniques<\/strong>:<\/p>\n<ul data-start=\"600\" data-end=\"939\">\n<li data-start=\"600\" data-end=\"644\">\n<p data-start=\"602\" data-end=\"644\">100% naturel, non pasteuris\u00e9 et non m\u00e9lang\u00e9<\/p>\n<\/li>\n<li data-start=\"645\" data-end=\"713\">\n<p data-start=\"647\" data-end=\"713\">Collect\u00e9es sur des abeilles sauvages africaines dans des habitats naturels<\/p>\n<\/li>\n<li data-start=\"714\" data-end=\"767\">\n<p data-start=\"716\" data-end=\"767\">Riche en pollen, propolis, enzymes et antioxydants<\/p>\n<\/li>\n<li data-start=\"768\" data-end=\"854\">\n<p data-start=\"770\" data-end=\"854\">Saveur intense, profonde et florale, avec des notes terreuses typiques de la flore sah\u00e9lienne.<\/p>\n<\/li>\n<li data-start=\"855\" data-end=\"939\">\n<p data-start=\"857\" data-end=\"939\">Texture \u00e9paisse et couleur ambre fonc\u00e9, signe de sa puret\u00e9 et de sa richesse nutritionnelle.<\/p>\n<\/li>\n<\/ul>\n<p data-start=\"941\" data-end=\"1179\">\ud83c\udf0d <strong data-start=\"944\" data-end=\"977\">Production \u00e9thique et durable<\/strong><br data-start=\"977\" data-end=\"980\">Ce miel soutient directement les communaut\u00e9s rurales de collecteurs qui pratiquent des m\u00e9thodes respectueuses de la biodiversit\u00e9, contribuant ainsi \u00e0 pr\u00e9server les \u00e9cosyst\u00e8mes du Sahel et \u00e0 promouvoir les \u00e9conomies locales.<\/p>\n","protected":false},"excerpt":{"rendered":"<p>Miel sauvage du Sahel &#8211; Pur et naturel<\/p>\n","protected":false},"featured_media":1469,"template":"","meta":[],"product_brand":[],"product_cat":[119,134],"product_tag":[135],"class_list":{"0":"post-1834","1":"product","2":"type-product","3":"status-publish","4":"has-post-thumbnail","6":"product_cat-aliments-naturels","7":"product_cat-miel-et-confitures-naturelles","8":"product_tag-saveurs-africaines","10":"first","11":"instock","12":"purchasable","13":"product-type-simple"},"_links":{"self":[{"href":"https:\/\/terangafrika.com\/index.php?rest_route=\/wp\/v2\/product\/1834","targetHints":{"allow":["GET"]}}],"collection":[{"href":"https:\/\/terangafrika.com\/index.php?rest_route=\/wp\/v2\/product"}],"about":[{"href":"https:\/\/terangafrika.com\/index.php?rest_route=\/wp\/v2\/types\/product"}],"wp:featuredmedia":[{"embeddable":true,"href":"https:\/\/terangafrika.com\/index.php?rest_route=\/wp\/v2\/media\/1469"}],"wp:attachment":[{"href":"https:\/\/terangafrika.com\/index.php?rest_route=%2Fwp%2Fv2%2Fmedia&parent=1834"}],"wp:term":[{"taxonomy":"product_brand","embeddable":true,"href":"https:\/\/terangafrika.com\/index.php?rest_route=%2Fwp%2Fv2%2Fproduct_brand&post=1834"},{"taxonomy":"product_cat","embeddable":true,"href":"https:\/\/terangafrika.com\/index.php?rest_route=%2Fwp%2Fv2%2Fproduct_cat&post=1834"},{"taxonomy":"product_tag","embeddable":true,"href":"https:\/\/terangafrika.com\/index.php?rest_route=%2Fwp%2Fv2%2Fproduct_tag&post=1834"}],"curies":[{"name":"wp","href":"https:\/\/api.w.org\/{rel}","templated":true}]}}