{"id":1767,"date":"2025-07-10T17:25:53","date_gmt":"2025-07-10T17:25:53","guid":{"rendered":"https:\/\/terangafrika.com\/product\/gelules-eferalgan-natural-plante-plectranthus-neochilus\/"},"modified":"2025-07-21T16:28:19","modified_gmt":"2025-07-21T16:28:19","slug":"gelules-eferalgan-natural-plante-plectranthus-neochilus","status":"publish","type":"product","link":"https:\/\/terangafrika.com\/?product=gelules-eferalgan-natural-plante-plectranthus-neochilus","title":{"rendered":"G\u00e9lules \u00ab\u00a0Eferalgan natural\u00a0\u00bb plante (Plectranthus neochilus)"},"content":{"rendered":"<p data-start=\"702\" data-end=\"1046\">Populairement appel\u00e9e <em data-start=\"729\" data-end=\"761\">\u00ab\u00a0l&rsquo;aspirine de la nature\u00a0\u00bb,<\/em> la <strong data-start=\"766\" data-end=\"802\">plante Plectranthus neochilus<\/strong> est appr\u00e9ci\u00e9e pour ses <strong data-start=\"823\" data-end=\"865\">propri\u00e9t\u00e9s apaisantes et r\u00e9confortantes<\/strong>. Traditionnellement utilis\u00e9e dans les tisanes ou les pr\u00e9parations naturelles, elle est employ\u00e9e pour <strong data-start=\"947\" data-end=\"993\">soulager les maux de t\u00eate, les douleurs mineures<\/strong> et favoriser la <strong data-start=\"1009\" data-end=\"1045\">relaxation du corps et de l&rsquo;esprit.<\/strong> <\/p>\n<p data-start=\"1048\" data-end=\"1237\">Gr\u00e2ce \u00e0 ses compos\u00e9s naturels aux effets l\u00e9g\u00e8rement analg\u00e9siques et anti-inflammatoires, cette plante est une option phytoth\u00e9rapeutique pour ceux qui recherchent le bien-\u00eatre sans recourir aux m\u00e9dicaments de synth\u00e8se.<\/p>\n<p data-start=\"1239\" data-end=\"1331\"><strong data-start=\"1239\" data-end=\"1331\">D\u00e9couvrez les bienfaits traditionnels de Plectranthus neochilus pour votre confort quotidien.<\/strong><\/p>\n","protected":false},"excerpt":{"rendered":"<p>Populairement appel\u00e9e \u00ab\u00a0l&rsquo;aspirine de la nature\u00a0\u00bb, la plante Plectranthus neochilus est appr\u00e9ci\u00e9e pour ses propri\u00e9t\u00e9s apaisantes et r\u00e9confortantes. Traditionnellement utilis\u00e9e dans les tisanes ou les pr\u00e9parations naturelles, elle est employ\u00e9e pour soulager les maux de t\u00eate, les douleurs mineures et favoriser la relaxation du corps et de l&rsquo;esprit. Gr\u00e2ce \u00e0 ses compos\u00e9s naturels aux effets [&hellip;]<\/p>\n","protected":false},"featured_media":1323,"template":"","meta":[],"product_brand":[],"product_cat":[119,129],"product_tag":[],"class_list":{"0":"post-1767","1":"product","2":"type-product","3":"status-publish","4":"has-post-thumbnail","6":"product_cat-aliments-naturels","7":"product_cat-capsules","9":"first","10":"instock","11":"taxable","12":"shipping-taxable","13":"purchasable","14":"product-type-simple"},"_links":{"self":[{"href":"https:\/\/terangafrika.com\/index.php?rest_route=\/wp\/v2\/product\/1767","targetHints":{"allow":["GET"]}}],"collection":[{"href":"https:\/\/terangafrika.com\/index.php?rest_route=\/wp\/v2\/product"}],"about":[{"href":"https:\/\/terangafrika.com\/index.php?rest_route=\/wp\/v2\/types\/product"}],"wp:featuredmedia":[{"embeddable":true,"href":"https:\/\/terangafrika.com\/index.php?rest_route=\/wp\/v2\/media\/1323"}],"wp:attachment":[{"href":"https:\/\/terangafrika.com\/index.php?rest_route=%2Fwp%2Fv2%2Fmedia&parent=1767"}],"wp:term":[{"taxonomy":"product_brand","embeddable":true,"href":"https:\/\/terangafrika.com\/index.php?rest_route=%2Fwp%2Fv2%2Fproduct_brand&post=1767"},{"taxonomy":"product_cat","embeddable":true,"href":"https:\/\/terangafrika.com\/index.php?rest_route=%2Fwp%2Fv2%2Fproduct_cat&post=1767"},{"taxonomy":"product_tag","embeddable":true,"href":"https:\/\/terangafrika.com\/index.php?rest_route=%2Fwp%2Fv2%2Fproduct_tag&post=1767"}],"curies":[{"name":"wp","href":"https:\/\/api.w.org\/{rel}","templated":true}]}}