{"id":1764,"date":"2025-07-10T17:09:08","date_gmt":"2025-07-10T17:09:08","guid":{"rendered":"https:\/\/terangafrika.com\/product\/capsules-arbol-casto-poivre-des-moines\/"},"modified":"2025-07-21T16:28:07","modified_gmt":"2025-07-21T16:28:07","slug":"capsules-arbol-casto-poivre-des-moines","status":"publish","type":"product","link":"https:\/\/terangafrika.com\/?product=capsules-arbol-casto-poivre-des-moines","title":{"rendered":"Capsules arb\u00f2l casto (poivre des moines)"},"content":{"rendered":"<p data-start=\"215\" data-end=\"539\">Le <strong data-start=\"218\" data-end=\"233\">gattilier<\/strong> favorise l&rsquo;<strong data-start=\"243\" data-end=\"276\">\u00e9quilibre naturel de l&rsquo;organisme<\/strong> gr\u00e2ce \u00e0 ses remarquables propri\u00e9t\u00e9s r\u00e9gulatrices. V\u00e9n\u00e9r\u00e9 depuis des si\u00e8cles par la m\u00e9decine traditionnelle, il est notamment reconnu pour sa capacit\u00e9 \u00e0 <strong data-start=\"429\" data-end=\"461\">favoriser l&rsquo;harmonie hormonale<\/strong> et \u00e0 contribuer au <strong data-start=\"478\" data-end=\"510\">bien-\u00eatre physique et \u00e9motionnel<\/strong>, en particulier chez les femmes. <\/p>\n<p data-start=\"541\" data-end=\"789\">Connu sous le nom de <em data-start=\"558\" data-end=\"579\">\u00ab\u00a0poivre des moines\u00a0\u00bb,<\/em> le gattilier est un alli\u00e9 naturel dans les \u00e9tapes telles que le cycle menstruel, le syndrome pr\u00e9menstruel (SPM) et la m\u00e9nopause. Une utilisation r\u00e9guli\u00e8re peut favoriser un \u00e9quilibre hormonal en douceur, sans intervention synth\u00e9tique. <\/p>\n<p data-start=\"791\" data-end=\"905\"><strong data-start=\"791\" data-end=\"905\">D\u00e9couvrez les bienfaits nutritionnels et r\u00e9gulateurs du gattilier pour une vie plus harmonieuse et \u00e9quilibr\u00e9e.<\/strong><\/p>\n","protected":false},"excerpt":{"rendered":"<p>Le gattilier favorise l&rsquo;\u00e9quilibre naturel de l&rsquo;organisme gr\u00e2ce \u00e0 ses remarquables propri\u00e9t\u00e9s r\u00e9gulatrices. V\u00e9n\u00e9r\u00e9 depuis des si\u00e8cles par la m\u00e9decine traditionnelle, il est notamment reconnu pour sa capacit\u00e9 \u00e0 favoriser l&rsquo;harmonie hormonale et \u00e0 contribuer au bien-\u00eatre physique et \u00e9motionnel, en particulier chez les femmes. Connu sous le nom de \u00ab\u00a0poivre des moines\u00a0\u00bb, le gattilier [&hellip;]<\/p>\n","protected":false},"featured_media":1321,"template":"","meta":[],"product_brand":[],"product_cat":[119,129],"product_tag":[],"class_list":{"0":"post-1764","1":"product","2":"type-product","3":"status-publish","4":"has-post-thumbnail","6":"product_cat-aliments-naturels","7":"product_cat-capsules","9":"first","10":"instock","11":"taxable","12":"shipping-taxable","13":"purchasable","14":"product-type-simple"},"_links":{"self":[{"href":"https:\/\/terangafrika.com\/index.php?rest_route=\/wp\/v2\/product\/1764","targetHints":{"allow":["GET"]}}],"collection":[{"href":"https:\/\/terangafrika.com\/index.php?rest_route=\/wp\/v2\/product"}],"about":[{"href":"https:\/\/terangafrika.com\/index.php?rest_route=\/wp\/v2\/types\/product"}],"wp:featuredmedia":[{"embeddable":true,"href":"https:\/\/terangafrika.com\/index.php?rest_route=\/wp\/v2\/media\/1321"}],"wp:attachment":[{"href":"https:\/\/terangafrika.com\/index.php?rest_route=%2Fwp%2Fv2%2Fmedia&parent=1764"}],"wp:term":[{"taxonomy":"product_brand","embeddable":true,"href":"https:\/\/terangafrika.com\/index.php?rest_route=%2Fwp%2Fv2%2Fproduct_brand&post=1764"},{"taxonomy":"product_cat","embeddable":true,"href":"https:\/\/terangafrika.com\/index.php?rest_route=%2Fwp%2Fv2%2Fproduct_cat&post=1764"},{"taxonomy":"product_tag","embeddable":true,"href":"https:\/\/terangafrika.com\/index.php?rest_route=%2Fwp%2Fv2%2Fproduct_tag&post=1764"}],"curies":[{"name":"wp","href":"https:\/\/api.w.org\/{rel}","templated":true}]}}