{"id":1763,"date":"2025-07-10T17:05:16","date_gmt":"2025-07-10T17:05:16","guid":{"rendered":"https:\/\/terangafrika.com\/product\/gelules-de-fruit-de-baobab\/"},"modified":"2025-07-21T16:28:04","modified_gmt":"2025-07-21T16:28:04","slug":"gelules-de-fruit-de-baobab","status":"publish","type":"product","link":"https:\/\/terangafrika.com\/?product=gelules-de-fruit-de-baobab","title":{"rendered":"G\u00e9lules de fruit de baobab"},"content":{"rendered":"<p data-start=\"164\" data-end=\"444\">Le <strong data-start=\"167\" data-end=\"186\">fruit du baobab<\/strong> est connu pour offrir \u00e0 l&rsquo;organisme la capacit\u00e9 de <strong data-start=\"237\" data-end=\"263\">gu\u00e9rir naturellement<\/strong> gr\u00e2ce \u00e0 ses puissantes propri\u00e9t\u00e9s. Riche en <strong data-start=\"308\" data-end=\"367\">vitamine C, en fibres, en antioxydants et en min\u00e9raux essentiels<\/strong>, il est un excellent alli\u00e9 pour la <strong data-start=\"400\" data-end=\"443\">sant\u00e9 digestive et les soins de la peau<\/strong>. <\/p>\n<p data-start=\"446\" data-end=\"726\">Surnomm\u00e9 <em data-start=\"454\" data-end=\"483\">\u00ab\u00a0le fruit de la long\u00e9vit\u00e9\u00a0\u00bb, le<\/em> baobab est appr\u00e9ci\u00e9 depuis des g\u00e9n\u00e9rations pour ses effets <strong data-start=\"549\" data-end=\"583\">r\u00e9g\u00e9n\u00e9rants et revitalisants<\/strong>. Son profil nutritionnel en fait un superaliment id\u00e9al pour soutenir le syst\u00e8me immunitaire et l&rsquo;\u00e9quilibre intestinal de mani\u00e8re naturelle. <\/p>\n<p data-start=\"728\" data-end=\"821\"><strong data-start=\"728\" data-end=\"821\">D\u00e9couvrez les bienfaits r\u00e9g\u00e9n\u00e9rants du fruit du baobab et nourrissez votre corps de l&rsquo;int\u00e9rieur.<\/strong><\/p>\n","protected":false},"excerpt":{"rendered":"<p>Le fruit du baobab est connu pour offrir \u00e0 l&rsquo;organisme la capacit\u00e9 de gu\u00e9rir naturellement gr\u00e2ce \u00e0 ses puissantes propri\u00e9t\u00e9s. Riche en vitamine C, en fibres, en antioxydants et en min\u00e9raux essentiels, il est un excellent alli\u00e9 pour la sant\u00e9 digestive et les soins de la peau. Surnomm\u00e9 \u00ab\u00a0le fruit de la long\u00e9vit\u00e9\u00a0\u00bb, le baobab [&hellip;]<\/p>\n","protected":false},"featured_media":1319,"template":"","meta":[],"product_brand":[],"product_cat":[119,129],"product_tag":[],"class_list":{"0":"post-1763","1":"product","2":"type-product","3":"status-publish","4":"has-post-thumbnail","6":"product_cat-aliments-naturels","7":"product_cat-capsules","9":"first","10":"instock","11":"taxable","12":"shipping-taxable","13":"purchasable","14":"product-type-simple"},"_links":{"self":[{"href":"https:\/\/terangafrika.com\/index.php?rest_route=\/wp\/v2\/product\/1763","targetHints":{"allow":["GET"]}}],"collection":[{"href":"https:\/\/terangafrika.com\/index.php?rest_route=\/wp\/v2\/product"}],"about":[{"href":"https:\/\/terangafrika.com\/index.php?rest_route=\/wp\/v2\/types\/product"}],"wp:featuredmedia":[{"embeddable":true,"href":"https:\/\/terangafrika.com\/index.php?rest_route=\/wp\/v2\/media\/1319"}],"wp:attachment":[{"href":"https:\/\/terangafrika.com\/index.php?rest_route=%2Fwp%2Fv2%2Fmedia&parent=1763"}],"wp:term":[{"taxonomy":"product_brand","embeddable":true,"href":"https:\/\/terangafrika.com\/index.php?rest_route=%2Fwp%2Fv2%2Fproduct_brand&post=1763"},{"taxonomy":"product_cat","embeddable":true,"href":"https:\/\/terangafrika.com\/index.php?rest_route=%2Fwp%2Fv2%2Fproduct_cat&post=1763"},{"taxonomy":"product_tag","embeddable":true,"href":"https:\/\/terangafrika.com\/index.php?rest_route=%2Fwp%2Fv2%2Fproduct_tag&post=1763"}],"curies":[{"name":"wp","href":"https:\/\/api.w.org\/{rel}","templated":true}]}}