{"id":1757,"date":"2025-07-10T15:36:46","date_gmt":"2025-07-10T15:36:46","guid":{"rendered":"https:\/\/terangafrika.com\/product\/ashwagandha-withania-somnifera-gelules\/"},"modified":"2025-07-21T16:27:37","modified_gmt":"2025-07-21T16:27:37","slug":"ashwagandha-withania-somnifera-gelules","status":"publish","type":"product","link":"https:\/\/terangafrika.com\/?product=ashwagandha-withania-somnifera-gelules","title":{"rendered":"Ashwagandha (Withania Somnifera) G\u00e9lules"},"content":{"rendered":"<p data-start=\"227\" data-end=\"499\">L <strong data-start=\"230\" data-end=\"245\">&lsquo;ashwagandha<\/strong>, \u00e9galement connu sous le nom de \u00ab\u00a0ginseng indien\u00a0\u00bb, est une plante adaptog\u00e8ne utilis\u00e9e depuis des si\u00e8cles par la m\u00e9decine ayurv\u00e9dique pour favoriser l&rsquo;\u00e9quilibre physique et mental. Sous forme de g\u00e9lules, elle offre un moyen pratique et efficace de profiter de ses bienfaits. <\/p>\n<p data-start=\"501\" data-end=\"776\">Ce puissant compl\u00e9ment naturel contribue \u00e0 <strong data-start=\"542\" data-end=\"577\">r\u00e9duire le stress et l&rsquo;anxi\u00e9t\u00e9<\/strong>, \u00e0 am\u00e9liorer la qualit\u00e9 du sommeil, \u00e0 renforcer le syst\u00e8me immunitaire et \u00e0 soutenir les performances physiques et mentales. Id\u00e9al pour les personnes ayant un mode de vie exigeant ou des situations \u00e9motionnellement \u00e9prouvantes. <\/p>\n<p data-start=\"778\" data-end=\"805\"><strong data-start=\"778\" data-end=\"805\">Principaux avantages :<\/strong><\/p>\n<ul data-start=\"806\" data-end=\"1076\">\n<li data-start=\"806\" data-end=\"865\">\n<p data-start=\"808\" data-end=\"865\">Adaptog\u00e8ne naturel : aide l&rsquo;organisme \u00e0 faire face au stress<\/p>\n<\/li>\n<li data-start=\"866\" data-end=\"917\">\n<p data-start=\"868\" data-end=\"917\">Favorise les fonctions cognitives et la clart\u00e9 mentale<\/p>\n<\/li>\n<li data-start=\"918\" data-end=\"978\">\n<p data-start=\"920\" data-end=\"978\">Contribue \u00e0 l&rsquo;\u00e9quilibre hormonal et au bien-\u00eatre g\u00e9n\u00e9ral<\/p>\n<\/li>\n<li data-start=\"979\" data-end=\"1029\">\n<p data-start=\"981\" data-end=\"1029\">Am\u00e9liore l&rsquo;\u00e9nergie sans provoquer de surstimulation<\/p>\n<\/li>\n<li data-start=\"1030\" data-end=\"1076\">\n<p data-start=\"1032\" data-end=\"1076\">100% naturel, sans additifs ni conservateurs<\/p>\n<\/li>\n<\/ul>\n","protected":false},"excerpt":{"rendered":"<p>L &lsquo;ashwagandha, \u00e9galement connu sous le nom de \u00ab\u00a0ginseng indien\u00a0\u00bb, est une plante adaptog\u00e8ne utilis\u00e9e depuis des si\u00e8cles par la m\u00e9decine ayurv\u00e9dique pour favoriser l&rsquo;\u00e9quilibre physique et mental. Sous forme de g\u00e9lules, elle offre un moyen pratique et efficace de profiter de ses bienfaits. Ce puissant compl\u00e9ment naturel contribue \u00e0 r\u00e9duire le stress et l&rsquo;anxi\u00e9t\u00e9, [&hellip;]<\/p>\n","protected":false},"featured_media":1315,"template":"","meta":[],"product_brand":[],"product_cat":[119,129],"product_tag":[],"class_list":{"0":"post-1757","1":"product","2":"type-product","3":"status-publish","4":"has-post-thumbnail","6":"product_cat-aliments-naturels","7":"product_cat-capsules","9":"first","10":"instock","11":"taxable","12":"shipping-taxable","13":"purchasable","14":"product-type-simple"},"_links":{"self":[{"href":"https:\/\/terangafrika.com\/index.php?rest_route=\/wp\/v2\/product\/1757","targetHints":{"allow":["GET"]}}],"collection":[{"href":"https:\/\/terangafrika.com\/index.php?rest_route=\/wp\/v2\/product"}],"about":[{"href":"https:\/\/terangafrika.com\/index.php?rest_route=\/wp\/v2\/types\/product"}],"wp:featuredmedia":[{"embeddable":true,"href":"https:\/\/terangafrika.com\/index.php?rest_route=\/wp\/v2\/media\/1315"}],"wp:attachment":[{"href":"https:\/\/terangafrika.com\/index.php?rest_route=%2Fwp%2Fv2%2Fmedia&parent=1757"}],"wp:term":[{"taxonomy":"product_brand","embeddable":true,"href":"https:\/\/terangafrika.com\/index.php?rest_route=%2Fwp%2Fv2%2Fproduct_brand&post=1757"},{"taxonomy":"product_cat","embeddable":true,"href":"https:\/\/terangafrika.com\/index.php?rest_route=%2Fwp%2Fv2%2Fproduct_cat&post=1757"},{"taxonomy":"product_tag","embeddable":true,"href":"https:\/\/terangafrika.com\/index.php?rest_route=%2Fwp%2Fv2%2Fproduct_tag&post=1757"}],"curies":[{"name":"wp","href":"https:\/\/api.w.org\/{rel}","templated":true}]}}