{"id":1755,"date":"2025-07-10T15:33:20","date_gmt":"2025-07-10T15:33:20","guid":{"rendered":"https:\/\/terangafrika.com\/product\/capsules-artemisia-annua-absinthe\/"},"modified":"2025-07-21T16:27:30","modified_gmt":"2025-07-21T16:27:30","slug":"capsules-artemisia-annua-absinthe","status":"publish","type":"product","link":"https:\/\/terangafrika.com\/?product=capsules-artemisia-annua-absinthe","title":{"rendered":"Capsules Artemisia annua (Absinthe)"},"content":{"rendered":"<p data-start=\"296\" data-end=\"635\">Appr\u00e9ci\u00e9e depuis des si\u00e8cles par la m\u00e9decine traditionnelle, l <strong data-start=\"351\" data-end=\"370\">&lsquo;Artemisia annua<\/strong> est connue sous le nom de <em data-start=\"388\" data-end=\"411\">\u00ab\u00a0plante miracle\u00a0\u00bb<\/em> pour ses puissantes propri\u00e9t\u00e9s antioxydantes, anti-inflammatoires et antiparasitaires. Ce rem\u00e8de naturel contribue \u00e0 <strong data-start=\"523\" data-end=\"561\">renforcer le syst\u00e8me immunitaire<\/strong> et est particuli\u00e8rement utile dans le <strong data-start=\"592\" data-end=\"634\">traitement des troubles parasitaires<\/strong>. <\/p>\n<p data-start=\"637\" data-end=\"794\">Utilis\u00e9e en tisanes, en extraits ou en g\u00e9lules, l&rsquo;armoise annuelle est une plante appr\u00e9ci\u00e9e pour ses bienfaits sur la sant\u00e9 en g\u00e9n\u00e9ral et sur le bien-\u00eatre en particulier.<\/p>\n","protected":false},"excerpt":{"rendered":"<p>Appr\u00e9ci\u00e9e depuis des si\u00e8cles par la m\u00e9decine traditionnelle, l &lsquo;Artemisia annua est connue sous le nom de \u00ab\u00a0plante miracle\u00a0\u00bb pour ses puissantes propri\u00e9t\u00e9s antioxydantes, anti-inflammatoires et antiparasitaires. Ce rem\u00e8de naturel contribue \u00e0 renforcer le syst\u00e8me immunitaire et est particuli\u00e8rement utile dans le traitement des troubles parasitaires. Utilis\u00e9e en tisanes, en extraits ou en g\u00e9lules, l&rsquo;armoise [&hellip;]<\/p>\n","protected":false},"featured_media":1313,"template":"","meta":[],"product_brand":[],"product_cat":[119,129],"product_tag":[],"class_list":{"0":"post-1755","1":"product","2":"type-product","3":"status-publish","4":"has-post-thumbnail","6":"product_cat-aliments-naturels","7":"product_cat-capsules","9":"first","10":"instock","11":"purchasable","12":"product-type-simple"},"_links":{"self":[{"href":"https:\/\/terangafrika.com\/index.php?rest_route=\/wp\/v2\/product\/1755","targetHints":{"allow":["GET"]}}],"collection":[{"href":"https:\/\/terangafrika.com\/index.php?rest_route=\/wp\/v2\/product"}],"about":[{"href":"https:\/\/terangafrika.com\/index.php?rest_route=\/wp\/v2\/types\/product"}],"wp:featuredmedia":[{"embeddable":true,"href":"https:\/\/terangafrika.com\/index.php?rest_route=\/wp\/v2\/media\/1313"}],"wp:attachment":[{"href":"https:\/\/terangafrika.com\/index.php?rest_route=%2Fwp%2Fv2%2Fmedia&parent=1755"}],"wp:term":[{"taxonomy":"product_brand","embeddable":true,"href":"https:\/\/terangafrika.com\/index.php?rest_route=%2Fwp%2Fv2%2Fproduct_brand&post=1755"},{"taxonomy":"product_cat","embeddable":true,"href":"https:\/\/terangafrika.com\/index.php?rest_route=%2Fwp%2Fv2%2Fproduct_cat&post=1755"},{"taxonomy":"product_tag","embeddable":true,"href":"https:\/\/terangafrika.com\/index.php?rest_route=%2Fwp%2Fv2%2Fproduct_tag&post=1755"}],"curies":[{"name":"wp","href":"https:\/\/api.w.org\/{rel}","templated":true}]}}