{"id":1754,"date":"2025-07-10T14:30:12","date_gmt":"2025-07-10T14:30:12","guid":{"rendered":"https:\/\/terangafrika.com\/product\/poudre-de-souchet-texture-fine-composition-100-souchet-cyperus-esculentus\/"},"modified":"2025-07-21T16:27:27","modified_gmt":"2025-07-21T16:27:27","slug":"poudre-de-souchet-texture-fine-composition-100-souchet-cyperus-esculentus","status":"publish","type":"product","link":"https:\/\/terangafrika.com\/?product=poudre-de-souchet-texture-fine-composition-100-souchet-cyperus-esculentus","title":{"rendered":"Poudre de souchet Texture fine Composition : 100% souchet (Cyperus esculentus)"},"content":{"rendered":"<p data-start=\"281\" data-end=\"613\">La <strong data-start=\"284\" data-end=\"302\">poudre de souchet<\/strong> est obtenue \u00e0 partir du tubercule de la plante <strong data-start=\"341\" data-end=\"363\">Cyperus esculentus<\/strong>, \u00e9galement connue sous le nom de <strong data-start=\"387\" data-end=\"408\">la\u00eeche des noisettes<\/strong>. Ce produit finement moulu conserve tous les avantages nutritionnels du souchet : il est naturellement sucr\u00e9, riche en fibres, en acides gras sains, en min\u00e9raux (tels que le magn\u00e9sium et le phosphore) et en vitamine E. <\/p>\n<p data-start=\"615\" data-end=\"890\">Tr\u00e8s polyvalent, il peut \u00eatre utilis\u00e9 comme substitut de farine dans les p\u00e2tisseries sans gluten, dans les boissons v\u00e9g\u00e9tales (telles que l&rsquo;horchata), les smoothies, les c\u00e9r\u00e9ales ou comme compl\u00e9ment \u00e9nerg\u00e9tique naturel. Gr\u00e2ce \u00e0 son go\u00fbt doux et l\u00e9g\u00e8rement noiset\u00e9, il constitue un excellent choix pour les recettes saines. <\/p>\n<p data-start=\"892\" data-end=\"919\"><strong data-start=\"892\" data-end=\"919\">Principaux avantages :<\/strong><\/p>\n<ul data-start=\"920\" data-end=\"1175\">\n<li data-start=\"920\" data-end=\"972\">\n<p data-start=\"922\" data-end=\"972\">Source naturelle de fibres, d&rsquo;\u00e9nergie et d&rsquo;antioxydants<\/p>\n<\/li>\n<li data-start=\"973\" data-end=\"1017\">\n<p data-start=\"975\" data-end=\"1017\">Sans gluten, id\u00e9al pour les r\u00e9gimes sp\u00e9ciaux<\/p>\n<\/li>\n<li data-start=\"1018\" data-end=\"1065\">\n<p data-start=\"1020\" data-end=\"1065\">Apporte un go\u00fbt sucr\u00e9 naturel sans sucres ajout\u00e9s<\/p>\n<\/li>\n<li data-start=\"1066\" data-end=\"1121\">\n<p data-start=\"1068\" data-end=\"1121\">Am\u00e9liore la digestion et r\u00e9gule le transit intestinal.<\/p>\n<\/li>\n<li data-start=\"1122\" data-end=\"1175\">\n<p data-start=\"1124\" data-end=\"1175\">100% pur et naturel, sans additifs ni conservateurs.<\/p>\n<\/li>\n<\/ul>\n","protected":false},"excerpt":{"rendered":"<p>La poudre de souchet est obtenue \u00e0 partir du tubercule de la plante Cyperus esculentus, \u00e9galement connue sous le nom de la\u00eeche des noisettes. Ce produit finement moulu conserve tous les avantages nutritionnels du souchet : il est naturellement sucr\u00e9, riche en fibres, en acides gras sains, en min\u00e9raux (tels que le magn\u00e9sium et le [&hellip;]<\/p>\n","protected":false},"featured_media":1307,"template":"","meta":[],"product_brand":[],"product_cat":[119,116,121,120],"product_tag":[],"class_list":{"0":"post-1754","1":"product","2":"type-product","3":"status-publish","4":"has-post-thumbnail","6":"product_cat-aliments-naturels","7":"product_cat-cosmetique-naturelle","8":"product_cat-poudres-naturelles","9":"product_cat-sauces-et-condiments","11":"first","12":"instock","13":"taxable","14":"shipping-taxable","15":"purchasable","16":"product-type-simple"},"_links":{"self":[{"href":"https:\/\/terangafrika.com\/index.php?rest_route=\/wp\/v2\/product\/1754","targetHints":{"allow":["GET"]}}],"collection":[{"href":"https:\/\/terangafrika.com\/index.php?rest_route=\/wp\/v2\/product"}],"about":[{"href":"https:\/\/terangafrika.com\/index.php?rest_route=\/wp\/v2\/types\/product"}],"wp:featuredmedia":[{"embeddable":true,"href":"https:\/\/terangafrika.com\/index.php?rest_route=\/wp\/v2\/media\/1307"}],"wp:attachment":[{"href":"https:\/\/terangafrika.com\/index.php?rest_route=%2Fwp%2Fv2%2Fmedia&parent=1754"}],"wp:term":[{"taxonomy":"product_brand","embeddable":true,"href":"https:\/\/terangafrika.com\/index.php?rest_route=%2Fwp%2Fv2%2Fproduct_brand&post=1754"},{"taxonomy":"product_cat","embeddable":true,"href":"https:\/\/terangafrika.com\/index.php?rest_route=%2Fwp%2Fv2%2Fproduct_cat&post=1754"},{"taxonomy":"product_tag","embeddable":true,"href":"https:\/\/terangafrika.com\/index.php?rest_route=%2Fwp%2Fv2%2Fproduct_tag&post=1754"}],"curies":[{"name":"wp","href":"https:\/\/api.w.org\/{rel}","templated":true}]}}