{"id":1751,"date":"2025-07-10T20:43:19","date_gmt":"2025-07-10T20:43:19","guid":{"rendered":"https:\/\/terangafrika.com\/product\/baume-menstruel-pour-femmes-hibiscus-melisse\/"},"modified":"2025-07-21T16:27:15","modified_gmt":"2025-07-21T16:27:15","slug":"baume-menstruel-pour-femmes-hibiscus-melisse","status":"publish","type":"product","link":"https:\/\/terangafrika.com\/?product=baume-menstruel-pour-femmes-hibiscus-melisse","title":{"rendered":"Baume menstruel pour femmes Hibiscus &#8211; M\u00e9lisse"},"content":{"rendered":"<p data-start=\"194\" data-end=\"484\">Un m\u00e9lange r\u00e9confortant d&rsquo;<strong data-start=\"222\" data-end=\"233\">hibiscus<\/strong> et de <strong data-start=\"236\" data-end=\"245\">citron<\/strong>, formul\u00e9 pour apporter un soulagement naturel pendant le cycle menstruel. Ce <strong data-start=\"318\" data-end=\"338\">baume apaisant<\/strong> aide \u00e0 r\u00e9duire les d\u00e9sagr\u00e9ments tels que les crampes, les ballonnements et les tensions corporelles, tout en favorisant la relaxation et l&rsquo;\u00e9quilibre \u00e9motionnel. <\/p>\n<p data-start=\"486\" data-end=\"686\">L&rsquo;<strong data-start=\"489\" data-end=\"500\">hibiscus<\/strong>, connu pour ses propri\u00e9t\u00e9s apaisantes et antioxydantes, est associ\u00e9 au <strong data-start=\"578\" data-end=\"587\">citron<\/strong>, rafra\u00eechissant et revitalisant, pour favoriser le bien-\u00eatre g\u00e9n\u00e9ral pendant les jours les plus sensibles du mois.<\/p>\n<p data-start=\"688\" data-end=\"715\"><strong data-start=\"688\" data-end=\"715\">Principaux avantages :<\/strong><\/p>\n<ul data-start=\"716\" data-end=\"909\">\n<li data-start=\"716\" data-end=\"758\">\n<p data-start=\"718\" data-end=\"758\">Soulage les crampes et les tensions musculaires.<\/p>\n<\/li>\n<li data-start=\"759\" data-end=\"806\">\n<p data-start=\"761\" data-end=\"806\">Favorise un sentiment de calme et d&rsquo;\u00e9quilibre.<\/p>\n<\/li>\n<li data-start=\"807\" data-end=\"857\">\n<p data-start=\"809\" data-end=\"857\">Hydrate et adoucit la peau pendant l&rsquo;application.<\/p>\n<\/li>\n<li data-start=\"858\" data-end=\"909\">\n<p data-start=\"860\" data-end=\"909\">Id\u00e9al pour masser la r\u00e9gion abdominale ou lombaire.<\/p>\n<\/li>\n<\/ul>\n<p data-start=\"911\" data-end=\"985\">\ud83c\udf3f <strong data-start=\"914\" data-end=\"985\">Naturel | V\u00e9g\u00e9talien | Sans produits chimiques agressifs | Ar\u00f4me doux et relaxant<\/strong><\/p>\n<p data-start=\"987\" data-end=\"1146\">D\u00e9couvrez les bienfaits apaisants de notre <strong data-start=\"1032\" data-end=\"1092\">baume menstruel \u00e0 l&rsquo;hibiscus et au citron<\/strong>, et accompagnez votre cycle de bien-\u00eatre et de soins naturels.<\/p>\n","protected":false},"excerpt":{"rendered":"<p>Un m\u00e9lange r\u00e9confortant d&rsquo;hibiscus et de citron, formul\u00e9 pour apporter un soulagement naturel pendant le cycle menstruel. Ce baume apaisant aide \u00e0 r\u00e9duire les d\u00e9sagr\u00e9ments tels que les crampes, les ballonnements et les tensions corporelles, tout en favorisant la relaxation et l&rsquo;\u00e9quilibre \u00e9motionnel. L&rsquo;hibiscus, connu pour ses propri\u00e9t\u00e9s apaisantes et antioxydantes, est associ\u00e9 au citron, [&hellip;]<\/p>\n","protected":false},"featured_media":1349,"template":"","meta":[],"product_brand":[],"product_cat":[127,116],"product_tag":[],"class_list":{"0":"post-1751","1":"product","2":"type-product","3":"status-publish","4":"has-post-thumbnail","6":"product_cat-beurre","7":"product_cat-cosmetique-naturelle","9":"first","10":"instock","11":"taxable","12":"shipping-taxable","13":"purchasable","14":"product-type-simple"},"_links":{"self":[{"href":"https:\/\/terangafrika.com\/index.php?rest_route=\/wp\/v2\/product\/1751","targetHints":{"allow":["GET"]}}],"collection":[{"href":"https:\/\/terangafrika.com\/index.php?rest_route=\/wp\/v2\/product"}],"about":[{"href":"https:\/\/terangafrika.com\/index.php?rest_route=\/wp\/v2\/types\/product"}],"wp:featuredmedia":[{"embeddable":true,"href":"https:\/\/terangafrika.com\/index.php?rest_route=\/wp\/v2\/media\/1349"}],"wp:attachment":[{"href":"https:\/\/terangafrika.com\/index.php?rest_route=%2Fwp%2Fv2%2Fmedia&parent=1751"}],"wp:term":[{"taxonomy":"product_brand","embeddable":true,"href":"https:\/\/terangafrika.com\/index.php?rest_route=%2Fwp%2Fv2%2Fproduct_brand&post=1751"},{"taxonomy":"product_cat","embeddable":true,"href":"https:\/\/terangafrika.com\/index.php?rest_route=%2Fwp%2Fv2%2Fproduct_cat&post=1751"},{"taxonomy":"product_tag","embeddable":true,"href":"https:\/\/terangafrika.com\/index.php?rest_route=%2Fwp%2Fv2%2Fproduct_tag&post=1751"}],"curies":[{"name":"wp","href":"https:\/\/api.w.org\/{rel}","templated":true}]}}