{"id":1741,"date":"2025-07-10T14:19:32","date_gmt":"2025-07-10T14:19:32","guid":{"rendered":"https:\/\/terangafrika.com\/product\/poudre-de-moringa-100-biologique\/"},"modified":"2025-07-21T16:26:46","modified_gmt":"2025-07-21T16:26:46","slug":"poudre-de-moringa-100-biologique","status":"publish","type":"product","link":"https:\/\/terangafrika.com\/?product=poudre-de-moringa-100-biologique","title":{"rendered":"Poudre de Moringa 100% biologique"},"content":{"rendered":"<p data-start=\"191\" data-end=\"264\"><strong data-start=\"191\" data-end=\"213\">S\u00e9chage \u00e0 l&rsquo;ombre<\/strong><br data-start=\"213\" data-end=\"216\"><strong data-start=\"216\" data-end=\"232\">Composition :<\/strong> 100% Moringa (Moringa oleifera)<\/p>\n<h4 data-start=\"266\" data-end=\"283\">Description :<\/h4>\n<p data-start=\"284\" data-end=\"668\">La <strong data-start=\"287\" data-end=\"307\">poudre de moringa<\/strong> est obtenue \u00e0 partir des feuilles de l&rsquo;arbre <strong data-start=\"342\" data-end=\"362\">Moringa oleifera<\/strong>, surnomm\u00e9 \u00ab\u00a0l&rsquo;arbre de vie\u00a0\u00bb pour son extraordinaire valeur nutritionnelle. Cultiv\u00e9e naturellement et <strong data-start=\"470\" data-end=\"492\">s\u00e9ch\u00e9e \u00e0 l&rsquo;ombre<\/strong> pour pr\u00e9server ses propri\u00e9t\u00e9s, cette poudre d&rsquo;un vert profond est une source concentr\u00e9e de vitamines (A, C, E), de min\u00e9raux (fer, calcium, potassium) et de prot\u00e9ines v\u00e9g\u00e9tales. <\/p>\n<p data-start=\"670\" data-end=\"865\">Id\u00e9ale pour les smoothies, les jus, les soupes, les sauces ou les recettes saines, la poudre de moringa soutient l&rsquo;\u00e9nergie quotidienne, renforce le syst\u00e8me immunitaire et favorise la d\u00e9sintoxication de l&rsquo;organisme.<\/p>\n<p data-start=\"867\" data-end=\"894\"><strong data-start=\"867\" data-end=\"894\">Principaux avantages :<\/strong><\/p>\n<ul data-start=\"895\" data-end=\"1137\">\n<li data-start=\"895\" data-end=\"948\">\n<p data-start=\"897\" data-end=\"948\">Teneur \u00e9lev\u00e9e en antioxydants et en micronutriments<\/p>\n<\/li>\n<li data-start=\"949\" data-end=\"997\">\n<p data-start=\"951\" data-end=\"997\">Propri\u00e9t\u00e9s \u00e9nergisantes et anti-inflammatoires<\/p>\n<\/li>\n<li data-start=\"998\" data-end=\"1043\">\n<p data-start=\"1000\" data-end=\"1043\">Soutien du syst\u00e8me immunitaire et digestif<\/p>\n<\/li>\n<li data-start=\"1044\" data-end=\"1081\">\n<p data-start=\"1046\" data-end=\"1081\">100% pur et naturel, sans additifs<\/p>\n<\/li>\n<li data-start=\"1082\" data-end=\"1137\">\n<p data-start=\"1084\" data-end=\"1137\">S\u00e9chage \u00e0 basse temp\u00e9rature pour pr\u00e9server les nutriments<\/p>\n<\/li>\n<\/ul>\n","protected":false},"excerpt":{"rendered":"<p>S\u00e9chage \u00e0 l&rsquo;ombreComposition : 100% Moringa (Moringa oleifera) Description : La poudre de moringa est obtenue \u00e0 partir des feuilles de l&rsquo;arbre Moringa oleifera, surnomm\u00e9 \u00ab\u00a0l&rsquo;arbre de vie\u00a0\u00bb pour son extraordinaire valeur nutritionnelle. Cultiv\u00e9e naturellement et s\u00e9ch\u00e9e \u00e0 l&rsquo;ombre pour pr\u00e9server ses propri\u00e9t\u00e9s, cette poudre d&rsquo;un vert profond est une source concentr\u00e9e de vitamines (A, [&hellip;]<\/p>\n","protected":false},"featured_media":1301,"template":"","meta":[],"product_brand":[],"product_cat":[119,116,121,120],"product_tag":[],"class_list":{"0":"post-1741","1":"product","2":"type-product","3":"status-publish","4":"has-post-thumbnail","6":"product_cat-aliments-naturels","7":"product_cat-cosmetique-naturelle","8":"product_cat-poudres-naturelles","9":"product_cat-sauces-et-condiments","11":"first","12":"instock","13":"taxable","14":"shipping-taxable","15":"purchasable","16":"product-type-simple"},"_links":{"self":[{"href":"https:\/\/terangafrika.com\/index.php?rest_route=\/wp\/v2\/product\/1741","targetHints":{"allow":["GET"]}}],"collection":[{"href":"https:\/\/terangafrika.com\/index.php?rest_route=\/wp\/v2\/product"}],"about":[{"href":"https:\/\/terangafrika.com\/index.php?rest_route=\/wp\/v2\/types\/product"}],"wp:featuredmedia":[{"embeddable":true,"href":"https:\/\/terangafrika.com\/index.php?rest_route=\/wp\/v2\/media\/1301"}],"wp:attachment":[{"href":"https:\/\/terangafrika.com\/index.php?rest_route=%2Fwp%2Fv2%2Fmedia&parent=1741"}],"wp:term":[{"taxonomy":"product_brand","embeddable":true,"href":"https:\/\/terangafrika.com\/index.php?rest_route=%2Fwp%2Fv2%2Fproduct_brand&post=1741"},{"taxonomy":"product_cat","embeddable":true,"href":"https:\/\/terangafrika.com\/index.php?rest_route=%2Fwp%2Fv2%2Fproduct_cat&post=1741"},{"taxonomy":"product_tag","embeddable":true,"href":"https:\/\/terangafrika.com\/index.php?rest_route=%2Fwp%2Fv2%2Fproduct_tag&post=1741"}],"curies":[{"name":"wp","href":"https:\/\/api.w.org\/{rel}","templated":true}]}}