{"id":1738,"date":"2025-07-09T20:58:38","date_gmt":"2025-07-09T20:58:38","guid":{"rendered":"https:\/\/terangafrika.com\/product\/huile-de-souchet-pressee-a-froid-100-pure-cyperus-esculentus\/"},"modified":"2025-07-21T16:26:43","modified_gmt":"2025-07-21T16:26:43","slug":"huile-de-souchet-pressee-a-froid-100-pure-cyperus-esculentus","status":"publish","type":"product","link":"https:\/\/terangafrika.com\/?product=huile-de-souchet-pressee-a-froid-100-pure-cyperus-esculentus","title":{"rendered":"Huile de souchet &#8211; Press\u00e9e \u00e0 froid (100% pure) Cyperus esculentus"},"content":{"rendered":"<p data-start=\"265\" data-end=\"587\"><span style=\"vertical-align: inherit;\"><span style=\"vertical-align: inherit;\">L&rsquo;huile de <\/span><\/span><strong data-start=\"268\" data-end=\"308\"><span style=\"vertical-align: inherit;\"><span style=\"vertical-align: inherit;\">Huile de souchet (Cyperus esculentus)<\/span><\/span><\/strong><span style=\"vertical-align: inherit;\"><span style=\"vertical-align: inherit;\">\u00e9galement connue sous le nom d&rsquo;huile de souchet, est une huile v\u00e9g\u00e9tale hautement nutritive, extraite des petits tubercules du souchet. Press\u00e9e \u00e0 froid pour pr\u00e9server tous ses bienfaits, elle est id\u00e9ale pour les soins de la peau, les soins capillaires et la cosm\u00e9tique naturelle. <\/span><\/span><\/p>\n<p data-start=\"589\" data-end=\"618\"><span style=\"vertical-align: inherit;\"><span style=\"vertical-align: inherit;\">\u2728 <\/span><\/span><strong data-start=\"591\" data-end=\"617\"><span style=\"vertical-align: inherit;\"><span style=\"vertical-align: inherit;\">Propri\u00e9t\u00e9s exceptionnelles<\/span><\/span><\/strong><span style=\"vertical-align: inherit;\"><span style=\"vertical-align: inherit;\">:<\/span><\/span><\/p>\n<ul data-start=\"620\" data-end=\"979\">\n<li data-start=\"620\" data-end=\"663\">\n<p data-start=\"622\" data-end=\"663\"><span style=\"vertical-align: inherit;\"><span style=\"vertical-align: inherit;\">100% pur, sans additifs ni conservateurs<\/span><\/span><\/p>\n<\/li>\n<li data-start=\"664\" data-end=\"729\">\n<p data-start=\"666\" data-end=\"729\"><span style=\"vertical-align: inherit;\"><span style=\"vertical-align: inherit;\">Riche en vitamine E, en phytost\u00e9rols et en acides gras insatur\u00e9s<\/span><\/span><\/p>\n<\/li>\n<li data-start=\"730\" data-end=\"790\">\n<p data-start=\"732\" data-end=\"790\"><span style=\"vertical-align: inherit;\"><span style=\"vertical-align: inherit;\">Hydratation en profondeur, id\u00e9ale pour les peaux s\u00e8ches ou sensibles.<\/span><\/span><\/p>\n<\/li>\n<li data-start=\"791\" data-end=\"859\">\n<p data-start=\"793\" data-end=\"859\"><span style=\"vertical-align: inherit;\"><span style=\"vertical-align: inherit;\">Aide \u00e0 apaiser les irritations et \u00e0 pr\u00e9venir les rougeurs de la peau<\/span><\/span><\/p>\n<\/li>\n<li data-start=\"860\" data-end=\"916\">\n<p data-start=\"862\" data-end=\"916\"><span style=\"vertical-align: inherit;\"><span style=\"vertical-align: inherit;\">Adoucit et nourrit les cheveux sans laisser de r\u00e9sidus gras.<\/span><\/span><\/p>\n<\/li>\n<li data-start=\"917\" data-end=\"979\">\n<p data-start=\"919\" data-end=\"979\"><span style=\"vertical-align: inherit;\"><span style=\"vertical-align: inherit;\">Texture l\u00e9g\u00e8re \u00e0 absorption rapide et parfum doux et naturel.<\/span><\/span><\/p>\n<\/li>\n<\/ul>\n<p data-start=\"981\" data-end=\"1269\"><span style=\"vertical-align: inherit;\"><span style=\"vertical-align: inherit;\">\ud83c\udf31 <\/span><\/span><strong data-start=\"984\" data-end=\"1015\"><span style=\"vertical-align: inherit;\"><span style=\"vertical-align: inherit;\">Origine naturelle et durable<\/span><\/span><\/strong><br data-start=\"1015\" data-end=\"1018\"><span style=\"vertical-align: inherit;\"><span style=\"vertical-align: inherit;\">Issue du souchet (Cyperus esculentus), traditionnellement cultiv\u00e9 en Afrique et dans le bassin m\u00e9diterran\u00e9en, cette huile est obtenue par pression \u00e0 froid, en respectant l&rsquo;int\u00e9gration de ses nutriments et en favorisant une agriculture responsable.<\/span><\/span><\/p>\n","protected":false},"excerpt":{"rendered":"<p>L&rsquo;huile de Huile de souchet (Cyperus esculentus)\u00e9galement connue sous le nom d&rsquo;huile de souchet, est une huile v\u00e9g\u00e9tale hautement nutritive, extraite des petits tubercules du souchet. Press\u00e9e \u00e0 froid pour pr\u00e9server tous ses bienfaits, elle est id\u00e9ale pour les soins de la peau, les soins capillaires et la cosm\u00e9tique naturelle. \u2728 Propri\u00e9t\u00e9s exceptionnelles: 100% pur, [&hellip;]<\/p>\n","protected":false},"featured_media":1297,"template":"","meta":[],"product_brand":[],"product_cat":[116,117],"product_tag":[118],"class_list":{"0":"post-1738","1":"product","2":"type-product","3":"status-publish","4":"has-post-thumbnail","6":"product_cat-cosmetique-naturelle","7":"product_cat-huiles-naturelles","8":"product_tag-produits-ancestraux","10":"first","11":"instock","12":"purchasable","13":"product-type-variable"},"_links":{"self":[{"href":"https:\/\/terangafrika.com\/index.php?rest_route=\/wp\/v2\/product\/1738","targetHints":{"allow":["GET"]}}],"collection":[{"href":"https:\/\/terangafrika.com\/index.php?rest_route=\/wp\/v2\/product"}],"about":[{"href":"https:\/\/terangafrika.com\/index.php?rest_route=\/wp\/v2\/types\/product"}],"wp:featuredmedia":[{"embeddable":true,"href":"https:\/\/terangafrika.com\/index.php?rest_route=\/wp\/v2\/media\/1297"}],"wp:attachment":[{"href":"https:\/\/terangafrika.com\/index.php?rest_route=%2Fwp%2Fv2%2Fmedia&parent=1738"}],"wp:term":[{"taxonomy":"product_brand","embeddable":true,"href":"https:\/\/terangafrika.com\/index.php?rest_route=%2Fwp%2Fv2%2Fproduct_brand&post=1738"},{"taxonomy":"product_cat","embeddable":true,"href":"https:\/\/terangafrika.com\/index.php?rest_route=%2Fwp%2Fv2%2Fproduct_cat&post=1738"},{"taxonomy":"product_tag","embeddable":true,"href":"https:\/\/terangafrika.com\/index.php?rest_route=%2Fwp%2Fv2%2Fproduct_tag&post=1738"}],"curies":[{"name":"wp","href":"https:\/\/api.w.org\/{rel}","templated":true}]}}