{"id":1734,"date":"2025-07-09T20:52:42","date_gmt":"2025-07-09T20:52:42","guid":{"rendered":"https:\/\/terangafrika.com\/product\/huile-de-luffa-pressee-a-froid-100-pure-luffa-aegyptiaca\/"},"modified":"2025-07-21T16:26:37","modified_gmt":"2025-07-21T16:26:37","slug":"huile-de-luffa-pressee-a-froid-100-pure-luffa-aegyptiaca","status":"publish","type":"product","link":"https:\/\/terangafrika.com\/?product=huile-de-luffa-pressee-a-froid-100-pure-luffa-aegyptiaca","title":{"rendered":"Huile de luffa &#8211; Press\u00e9e \u00e0 froid (100% pure) Luffa aegyptiaca"},"content":{"rendered":"<p data-start=\"255\" data-end=\"575\">L&rsquo;<strong data-start=\"258\" data-end=\"295\">huile de luffa (Luffa aegyptiaca)<\/strong>, peu connue mais tr\u00e8s appr\u00e9ci\u00e9e, est extraite des graines de la plante luffa. Gr\u00e2ce \u00e0 sa teneur \u00e9lev\u00e9e en acides gras essentiels et \u00e0 sa texture l\u00e9g\u00e8re, cette huile est id\u00e9ale pour le soin des peaux sensibles et pour les formulations cosm\u00e9tiques naturelles. <\/p>\n<p data-start=\"577\" data-end=\"606\"><strong data-start=\"579\" data-end=\"605\">\u2728 Propri\u00e9t\u00e9s exceptionnelles<\/strong>:<\/p>\n<ul data-start=\"608\" data-end=\"989\">\n<li data-start=\"608\" data-end=\"649\">\n<p data-start=\"610\" data-end=\"649\">100% naturel et pur, press\u00e9 \u00e0 froid<\/p>\n<\/li>\n<li data-start=\"650\" data-end=\"701\">\n<p data-start=\"652\" data-end=\"701\">Riche en acides linol\u00e9ique et ol\u00e9ique (om\u00e9ga 6 et 9)<\/p>\n<\/li>\n<li data-start=\"702\" data-end=\"797\">\n<p data-start=\"704\" data-end=\"797\">Hydratant et apaisant, parfait pour les peaux s\u00e8ches, r\u00e9actives ou sujettes aux irritations.<\/p>\n<\/li>\n<li data-start=\"798\" data-end=\"872\">\n<p data-start=\"800\" data-end=\"872\">Am\u00e9liore l&rsquo;\u00e9lasticit\u00e9 de la peau et aide \u00e0 maintenir la barri\u00e8re cutan\u00e9e<\/p>\n<\/li>\n<li data-start=\"873\" data-end=\"933\">\n<p data-start=\"875\" data-end=\"933\">Texture fluide, absorption rapide, sensation non grasse<\/p>\n<\/li>\n<li data-start=\"934\" data-end=\"989\">\n<p data-start=\"936\" data-end=\"989\">Excellente huile de support pour les cosm\u00e9tiques et l&rsquo;aromath\u00e9rapie<\/p>\n<\/li>\n<\/ul>\n<p data-start=\"991\" data-end=\"1240\">\ud83c\udf31 <strong data-start=\"994\" data-end=\"1025\">Origine naturelle et durable<\/strong><br data-start=\"1025\" data-end=\"1028\">Issue des graines de <strong data-start=\"1066\" data-end=\"1086\">Luffa aegyptiaca<\/strong>, cette huile v\u00e9g\u00e9tale est extraite par pression \u00e0 froid, pr\u00e9servant ainsi sa puret\u00e9 et toutes ses propri\u00e9t\u00e9s b\u00e9n\u00e9fiques pour les soins quotidiens de la peau.<\/p>\n","protected":false},"excerpt":{"rendered":"<p>L&rsquo;huile de luffa (Luffa aegyptiaca), peu connue mais tr\u00e8s appr\u00e9ci\u00e9e, est extraite des graines de la plante luffa. Gr\u00e2ce \u00e0 sa teneur \u00e9lev\u00e9e en acides gras essentiels et \u00e0 sa texture l\u00e9g\u00e8re, cette huile est id\u00e9ale pour le soin des peaux sensibles et pour les formulations cosm\u00e9tiques naturelles. \u2728 Propri\u00e9t\u00e9s exceptionnelles: 100% naturel et pur, [&hellip;]<\/p>\n","protected":false},"featured_media":1295,"template":"","meta":[],"product_brand":[],"product_cat":[116,117],"product_tag":[118],"class_list":{"0":"post-1734","1":"product","2":"type-product","3":"status-publish","4":"has-post-thumbnail","6":"product_cat-cosmetique-naturelle","7":"product_cat-huiles-naturelles","8":"product_tag-produits-ancestraux","10":"first","11":"instock","12":"purchasable","13":"product-type-variable"},"_links":{"self":[{"href":"https:\/\/terangafrika.com\/index.php?rest_route=\/wp\/v2\/product\/1734","targetHints":{"allow":["GET"]}}],"collection":[{"href":"https:\/\/terangafrika.com\/index.php?rest_route=\/wp\/v2\/product"}],"about":[{"href":"https:\/\/terangafrika.com\/index.php?rest_route=\/wp\/v2\/types\/product"}],"wp:featuredmedia":[{"embeddable":true,"href":"https:\/\/terangafrika.com\/index.php?rest_route=\/wp\/v2\/media\/1295"}],"wp:attachment":[{"href":"https:\/\/terangafrika.com\/index.php?rest_route=%2Fwp%2Fv2%2Fmedia&parent=1734"}],"wp:term":[{"taxonomy":"product_brand","embeddable":true,"href":"https:\/\/terangafrika.com\/index.php?rest_route=%2Fwp%2Fv2%2Fproduct_brand&post=1734"},{"taxonomy":"product_cat","embeddable":true,"href":"https:\/\/terangafrika.com\/index.php?rest_route=%2Fwp%2Fv2%2Fproduct_cat&post=1734"},{"taxonomy":"product_tag","embeddable":true,"href":"https:\/\/terangafrika.com\/index.php?rest_route=%2Fwp%2Fv2%2Fproduct_tag&post=1734"}],"curies":[{"name":"wp","href":"https:\/\/api.w.org\/{rel}","templated":true}]}}