{"id":1718,"date":"2025-07-08T11:19:28","date_gmt":"2025-07-08T11:19:28","guid":{"rendered":"https:\/\/terangafrika.com\/produits-traditionnels-du-sahel\/"},"modified":"2025-07-21T16:26:21","modified_gmt":"2025-07-21T16:26:21","slug":"produits-traditionnels-du-sahel","status":"publish","type":"page","link":"https:\/\/terangafrika.com\/?page_id=1718","title":{"rendered":"Produits traditionnels du Sahel"},"content":{"rendered":"\t\t<div data-elementor-type=\"wp-page\" data-elementor-id=\"1718\" class=\"elementor elementor-1718 elementor-192\">\n\t\t\t\t<div class=\"elementor-element elementor-element-2dncmzg4 twbb_section twbb_full_h e-con-boxed e-flex e-con e-parent\" data-id=\"2dncmzg4\" data-element_type=\"container\" data-e-type=\"container\" id=\"hero-section-of-the-page-for-product-traditional-sahel-products\" data-settings=\"{&quot;background_background&quot;:&quot;classic&quot;,&quot;background_motion_fx_motion_fx_scrolling&quot;:&quot;yes&quot;,&quot;background_motion_fx_scale_effect&quot;:&quot;yes&quot;,&quot;background_motion_fx_scale_speed&quot;:{&quot;unit&quot;:&quot;px&quot;,&quot;size&quot;:7,&quot;sizes&quot;:[]},&quot;background_motion_fx_scale_direction&quot;:&quot;out-in&quot;,&quot;background_motion_fx_scale_range&quot;:{&quot;unit&quot;:&quot;%&quot;,&quot;size&quot;:&quot;&quot;,&quot;sizes&quot;:{&quot;start&quot;:20,&quot;end&quot;:80}},&quot;background_motion_fx_devices&quot;:[&quot;desktop&quot;,&quot;tablet&quot;,&quot;mobile&quot;]}\">\n\t\t\t\t\t<div class=\"e-con-inner\">\n\t\t\t\t<div class=\"elementor-element elementor-element-469zgkfc elementor-widget__width-initial elementor-widget-mobile__width-inherit elementor-widget-tablet__width-initial elementor-invisible elementor-widget elementor-widget-heading\" data-id=\"469zgkfc\" data-element_type=\"widget\" data-e-type=\"widget\" data-settings=\"{&quot;_animation&quot;:&quot;fadeInUp&quot;}\" data-widget_type=\"heading.default\">\n\t\t\t\t\t<h1 class=\"elementor-heading-title elementor-size-default\">D\u00e9couvrez les <em>produits traditionnels<\/em> du Sahel<\/h1>\t\t\t\t<\/div>\n\t\t\t\t<div class=\"elementor-element elementor-element-bzkew786 elementor-widget__width-initial elementor-widget-mobile__width-inherit elementor-widget-tablet__width-initial elementor-invisible elementor-widget elementor-widget-text-editor\" data-id=\"bzkew786\" data-element_type=\"widget\" data-e-type=\"widget\" data-settings=\"{&quot;_animation&quot;:&quot;fadeInUp&quot;}\" data-widget_type=\"text-editor.default\">\n\t\t\t\t\t\t\t\t\tD\u00e9couvrez notre collection de textiles, de bijoux et d&rsquo;objets culturels fabriqu\u00e9s \u00e0 la main. Chaque pi\u00e8ce raconte une histoire du riche patrimoine du Sahel et soutient les artisans locaux.\t\t\t\t\t\t\t\t<\/div>\n\t\t<div class=\"elementor-element elementor-element-ytardk2l e-con-full e-flex e-con e-parent\" data-id=\"ytardk2l\" data-element_type=\"container\" data-e-type=\"container\">\n\t\t\t\t<div class=\"elementor-element elementor-element-p01y0az8 elementor-align-left elementor-mobile-align-center elementor-widget elementor-widget-button\" data-id=\"p01y0az8\" data-element_type=\"widget\" data-e-type=\"widget\" data-widget_type=\"button.default\">\n\t\t\t\t\t\t\t\t\t\t<a class=\"elementor-button elementor-button-link elementor-size-sm\" href=\"#traditional-sahel-products\">\n\t\t\t\t\t\t<span class=\"elementor-button-content-wrapper\">\n\t\t\t\t\t\t\t\t\t<span class=\"elementor-button-text\">Plus d'informations<\/span>\n\t\t\t\t\t<\/span>\n\t\t\t\t\t<\/a>\n\t\t\t\t\t\t\t\t<\/div>\n\t\t\t\t<\/div>\n\t\t\t\t\t<\/div>\n\t\t\t\t<\/div>\n\t\t<div class=\"elementor-element elementor-element-wkhhqu54 twbb_section e-con-boxed e-flex e-con e-parent\" data-id=\"wkhhqu54\" data-element_type=\"container\" data-e-type=\"container\" id=\"details-section-of-the-page-for-product-traditional-sahel-products\">\n\t\t\t\t\t<div class=\"e-con-inner\">\n\t\t<div class=\"elementor-element elementor-element-owazmfr2 e-con-full e-flex e-con e-parent\" data-id=\"owazmfr2\" data-element_type=\"container\" data-e-type=\"container\">\n\t\t\t\t<div class=\"elementor-element elementor-element-cfo13emv elementor-widget__width-initial elementor-widget-mobile__width-inherit elementor-widget-tablet__width-initial elementor-invisible elementor-widget elementor-widget-heading\" data-id=\"cfo13emv\" data-element_type=\"widget\" data-e-type=\"widget\" data-settings=\"{&quot;_animation&quot;:&quot;fadeInUp&quot;}\" data-widget_type=\"heading.default\">\n\t\t\t\t\t<h2 class=\"elementor-heading-title elementor-size-default\">D\u00e9couvrez le riche patrimoine du Sahel<\/h2>\t\t\t\t<\/div>\n\t\t\t\t<div class=\"elementor-element elementor-element-b9qy6rt4 elementor-widget__width-initial elementor-widget-mobile__width-inherit elementor-widget-tablet__width-initial elementor-invisible elementor-widget elementor-widget-text-editor\" data-id=\"b9qy6rt4\" data-element_type=\"widget\" data-e-type=\"widget\" data-settings=\"{&quot;_animation&quot;:&quot;fadeInUp&quot;}\" data-widget_type=\"text-editor.default\">\n\t\t\t\t\t\t\t\t\tD\u00e9couvrez une s\u00e9lection soign\u00e9e de textiles, de bijoux et d&rsquo;objets culturels fabriqu\u00e9s \u00e0 la main dans la r\u00e9gion du Sahel. En soutenant les artisans locaux et en pr\u00e9servant le savoir-faire traditionnel, ces pi\u00e8ces authentiques ajoutent une touche unique \u00e0 votre collection ou \u00e0 votre maison. Plongez dans l&rsquo;histoire et la signification de chaque objet et associez-vous \u00e0 l&rsquo;h\u00e9ritage vibrant de l&rsquo;Afrique de l&rsquo;Ouest.\t\t\t\t\t\t\t\t<\/div>\n\t\t\t\t<\/div>\n\t\t\t\t<div class=\"elementor-element elementor-element-mx3rl0mi elementor-widget__width-initial elementor-widget-mobile__width-inherit elementor-widget-tablet__width-initial elementor-widget elementor-widget-image\" data-id=\"mx3rl0mi\" data-element_type=\"widget\" data-e-type=\"widget\" data-widget_type=\"image.default\">\n\t\t\t\t\t\t\t\t\t\t\t\t\t\t\t<img fetchpriority=\"high\" decoding=\"async\" width=\"1024\" height=\"576\" src=\"https:\/\/terangafrika.com\/wp-content\/uploads\/2025\/07\/tenweb_media_SEKK5ZI8S.webp\" class=\"attachment-full size-full wp-image-1205\" alt=\"\" srcset=\"https:\/\/terangafrika.com\/wp-content\/uploads\/2025\/07\/tenweb_media_SEKK5ZI8S.webp 1024w, https:\/\/terangafrika.com\/wp-content\/uploads\/2025\/07\/tenweb_media_SEKK5ZI8S-800x450.webp 800w, https:\/\/terangafrika.com\/wp-content\/uploads\/2025\/07\/tenweb_media_SEKK5ZI8S-768x432.webp 768w\" sizes=\"(max-width: 1024px) 100vw, 1024px\" \/>\t\t\t\t\t\t\t\t\t\t\t\t\t\t\t<\/div>\n\t\t\t\t\t<\/div>\n\t\t\t\t<\/div>\n\t\t\t\t<\/div>\n\t\t","protected":false},"excerpt":{"rendered":"<p>D\u00e9couvrez les produits traditionnels du Sahel D\u00e9couvrez notre collection de textiles, de bijoux et d&rsquo;objets culturels fabriqu\u00e9s \u00e0 la main. Chaque pi\u00e8ce raconte une histoire du riche patrimoine du Sahel et soutient les artisans locaux. Plus d&rsquo;informations D\u00e9couvrez le riche patrimoine du Sahel D\u00e9couvrez une s\u00e9lection soign\u00e9e de textiles, de bijoux et d&rsquo;objets culturels fabriqu\u00e9s [&hellip;]<\/p>\n","protected":false},"author":0,"featured_media":0,"parent":0,"menu_order":0,"comment_status":"closed","ping_status":"closed","template":"","meta":{"two_page_speed":[],"footnotes":""},"class_list":["post-1718","page","type-page","status-publish","hentry"],"_links":{"self":[{"href":"https:\/\/terangafrika.com\/index.php?rest_route=\/wp\/v2\/pages\/1718","targetHints":{"allow":["GET"]}}],"collection":[{"href":"https:\/\/terangafrika.com\/index.php?rest_route=\/wp\/v2\/pages"}],"about":[{"href":"https:\/\/terangafrika.com\/index.php?rest_route=\/wp\/v2\/types\/page"}],"replies":[{"embeddable":true,"href":"https:\/\/terangafrika.com\/index.php?rest_route=%2Fwp%2Fv2%2Fcomments&post=1718"}],"version-history":[{"count":0,"href":"https:\/\/terangafrika.com\/index.php?rest_route=\/wp\/v2\/pages\/1718\/revisions"}],"wp:attachment":[{"href":"https:\/\/terangafrika.com\/index.php?rest_route=%2Fwp%2Fv2%2Fmedia&parent=1718"}],"curies":[{"name":"wp","href":"https:\/\/api.w.org\/{rel}","templated":true}]}}