{"id":1927,"date":"2025-07-09T08:39:22","date_gmt":"2025-07-09T08:39:22","guid":{"rendered":"https:\/\/terangafrika.com\/product\/banane-sechee\/"},"modified":"2025-07-31T14:21:29","modified_gmt":"2025-07-31T14:21:29","slug":"banane-sechee","status":"publish","type":"product","link":"https:\/\/terangafrika.com\/en?product=banane-sechee","title":{"rendered":"Dried banana"},"content":{"rendered":"<h3 data-start=\"59\" data-end=\"117\">Discover the Delicious Exoticism of Our Dried Plantain<\/h3>\n<p data-start=\"119\" data-end=\"487\">Combine crunchiness with sweetness in our <strong data-start=\"166\" data-end=\"182\">dried plantains<\/strong>, an irresistible snack that combines a crunchy texture with a naturally sweet taste. Carefully selected, our plantains are carefully dried and then lightly fried for a unique taste experience. Ideal as a tasty snack or to add an original touch to your dishes.  <\/p>\n<p data-start=\"489\" data-end=\"522\"><strong data-start=\"489\" data-end=\"506\">Ingredients:<\/strong> Bananas (100%)<\/p>\n<p data-start=\"524\" data-end=\"569\"><strong data-start=\"524\" data-end=\"548\">How to prepare:<\/strong> Ready to consume.<\/p>\n<p data-start=\"571\" data-end=\"639\"><strong data-start=\"571\" data-end=\"588\">Storage:<\/strong> Store in a dry place at room temperature.<\/p>\n<hr data-start=\"641\" data-end=\"644\">\n<h3 data-start=\"646\" data-end=\"678\">A versatile and tasty pleasure<\/h3>\n<ul data-start=\"680\" data-end=\"992\">\n<li data-start=\"680\" data-end=\"781\">\n<p data-start=\"682\" data-end=\"781\"><strong data-start=\"682\" data-end=\"710\">For direct snacking:<\/strong> A crunchy and energetic snack to calm hunger between meals.<\/p>\n<\/li>\n<li data-start=\"782\" data-end=\"892\">\n<p data-start=\"784\" data-end=\"892\"><strong data-start=\"784\" data-end=\"803\">In your recipes:<\/strong> Perfect for adding a sweet and crunchy touch to desserts, salads or exotic dishes.<\/p>\n<\/li>\n<li data-start=\"893\" data-end=\"992\">\n<p data-start=\"895\" data-end=\"992\"><strong data-start=\"895\" data-end=\"928\">As an original accompaniment:<\/strong> Ideal to enhance your appetizers or dried fruit trays.<\/p>\n<\/li>\n<\/ul>\n<hr data-start=\"994\" data-end=\"997\">\n<h3 data-start=\"999\" data-end=\"1056\">Nutritional benefits of dried and fried bananas<\/h3>\n<p data-start=\"1058\" data-end=\"1159\">Despite its sweet taste, our dried and fried banana retains many beneficial properties:<\/p>\n<ul data-start=\"1161\" data-end=\"1384\">\n<li data-start=\"1161\" data-end=\"1217\">\n<p data-start=\"1163\" data-end=\"1217\"><strong data-start=\"1163\" data-end=\"1177\">Vitamins:<\/strong> B6, B9 and C, to support vitality.<\/p>\n<\/li>\n<li data-start=\"1218\" data-end=\"1303\">\n<p data-start=\"1220\" data-end=\"1303\"><strong data-start=\"1220\" data-end=\"1234\">Minerals:<\/strong> Potassium, magnesium and iron, for an optimal nutritional balance.<\/p>\n<\/li>\n<li data-start=\"1304\" data-end=\"1384\">\n<p data-start=\"1306\" data-end=\"1384\"><strong data-start=\"1306\" data-end=\"1318\">Energy:<\/strong> A natural and quick source of energy to recharge your batteries.<\/p>\n<\/li>\n<\/ul>\n<hr data-start=\"1386\" data-end=\"1389\">\n<h3 data-start=\"1391\" data-end=\"1436\">Health benefits of dried bananas<\/h3>\n<ul data-start=\"1438\" data-end=\"1838\">\n<li data-start=\"1438\" data-end=\"1558\">\n<p data-start=\"1440\" data-end=\"1558\"><strong data-start=\"1440\" data-end=\"1463\">Energy boost:<\/strong> Thanks to its natural carbohydrates, it is the ideal snack for athletes or busy days.<\/p>\n<\/li>\n<li data-start=\"1559\" data-end=\"1660\">\n<p data-start=\"1561\" data-end=\"1660\"><strong data-start=\"1561\" data-end=\"1580\">Muscle support:<\/strong> Rich in potassium, helps prevent cramps and maintain good muscle tone.<\/p>\n<\/li>\n<li data-start=\"1661\" data-end=\"1745\">\n<p data-start=\"1663\" data-end=\"1745\"><strong data-start=\"1663\" data-end=\"1687\">Improves digestion:<\/strong> Its fiber content promotes healthy digestion.<\/p>\n<\/li>\n<li data-start=\"1746\" data-end=\"1838\">\n<p data-start=\"1748\" data-end=\"1838\"><strong data-start=\"1748\" data-end=\"1772\">Emotional well-being:<\/strong> Magnesium helps reduce stress and promote relaxation.<\/p>\n<\/li>\n<\/ul>\n<hr data-start=\"1840\" data-end=\"1843\">\n<h3 data-start=\"1845\" data-end=\"1876\">Delicious and exotic quality<\/h3>\n<p data-start=\"1878\" data-end=\"2072\">Carefully prepared and packaged to preserve its freshness, our <strong data-start=\"1946\" data-end=\"1970\">dried and fried banana<\/strong> contains no artificial preservatives, offering the perfect balance between pleasure and authenticity.<\/p>\n","protected":false},"excerpt":{"rendered":"<p>Bananes s\u00e9ch\u00e9es du S\u00e9n\u00e9gal.<\/p>\n","protected":false},"featured_media":1276,"template":"","meta":[],"product_brand":[],"product_cat":[137,122],"product_tag":[133],"class_list":{"0":"post-1927","1":"product","2":"type-product","3":"status-publish","4":"has-post-thumbnail","6":"product_cat-dried-and-dried-fruits","7":"product_cat-natural-foods","8":"product_tag-african-flavors","10":"first","11":"instock","12":"purchasable","13":"product-type-simple"},"_links":{"self":[{"href":"https:\/\/terangafrika.com\/en\/index.php?rest_route=\/wp\/v2\/product\/1927","targetHints":{"allow":["GET"]}}],"collection":[{"href":"https:\/\/terangafrika.com\/en\/index.php?rest_route=\/wp\/v2\/product"}],"about":[{"href":"https:\/\/terangafrika.com\/en\/index.php?rest_route=\/wp\/v2\/types\/product"}],"wp:featuredmedia":[{"embeddable":true,"href":"https:\/\/terangafrika.com\/en\/index.php?rest_route=\/wp\/v2\/media\/1276"}],"wp:attachment":[{"href":"https:\/\/terangafrika.com\/en\/index.php?rest_route=%2Fwp%2Fv2%2Fmedia&parent=1927"}],"wp:term":[{"taxonomy":"product_brand","embeddable":true,"href":"https:\/\/terangafrika.com\/en\/index.php?rest_route=%2Fwp%2Fv2%2Fproduct_brand&post=1927"},{"taxonomy":"product_cat","embeddable":true,"href":"https:\/\/terangafrika.com\/en\/index.php?rest_route=%2Fwp%2Fv2%2Fproduct_cat&post=1927"},{"taxonomy":"product_tag","embeddable":true,"href":"https:\/\/terangafrika.com\/en\/index.php?rest_route=%2Fwp%2Fv2%2Fproduct_tag&post=1927"}],"curies":[{"name":"wp","href":"https:\/\/api.w.org\/{rel}","templated":true}]}}