{"id":1708,"date":"2025-07-22T22:37:01","date_gmt":"2025-07-22T22:37:01","guid":{"rendered":"https:\/\/terangafrika.com\/trolley\/"},"modified":"2025-09-29T22:15:16","modified_gmt":"2025-09-29T22:15:16","slug":"trolley","status":"publish","type":"page","link":"https:\/\/terangafrika.com\/en?page_id=1708","title":{"rendered":"Wishes"},"content":{"rendered":"\t\t<div data-elementor-type=\"wp-page\" data-elementor-id=\"1708\" class=\"elementor elementor-1708 elementor-193\">\n\t\t\t\t<div class=\"elementor-element elementor-element-6sb645lf twbb_section e-flex e-con-boxed e-con e-parent\" data-id=\"6sb645lf\" data-element_type=\"container\" data-e-type=\"container\" data-settings=\"{&quot;background_background&quot;:&quot;classic&quot;}\">\n\t\t\t\t\t<div class=\"e-con-inner\">\n\t\t\t\t<div class=\"elementor-element elementor-element-74bvus9k elementor-widget__width-initial elementor-widget-mobile__width-inherit elementor-widget-tablet__width-initial elementor-widget elementor-widget-twbb_post-title elementor-page-title tenweb-page-title elementor-widget-heading\" data-id=\"74bvus9k\" data-element_type=\"widget\" data-e-type=\"widget\" data-widget_type=\"twbb_post-title.default\">\n\t\t\t\t\t<h1 class=\"elementor-heading-title elementor-size-default\"><a href=\"https:\/\/terangafrika.com\/en?page_id=1708\">Wishes<\/a><\/h1>\t\t\t\t<\/div>\n\t\t\t\t<div class=\"elementor-element elementor-element-fk6lsnmz elementor-widget__width-initial elementor-widget-mobile__width-inherit elementor-widget-tablet__width-initial e-cart-layout-two-column elementor-widget elementor-widget-twbb_woocommerce-cart\" data-id=\"fk6lsnmz\" data-element_type=\"widget\" data-e-type=\"widget\" data-settings=\"{&quot;update_cart_automatically&quot;:&quot;yes&quot;}\" data-widget_type=\"twbb_woocommerce-cart.default\">\n\t\t\t\t<div class=\"elementor-widget-container\">\n\t\t\t\t\t<div class=\"woocommerce\"><div class=\"woocommerce-notices-wrapper\"><\/div><div class=\"wc-empty-cart-message\">\n\t<div class=\"cart-empty woocommerce-info\" role=\"status\">\n\t\tYour cart is currently empty.\t<\/div>\n<\/div>\t<p class=\"return-to-shop\">\n\t\t<a class=\"button wc-backward\" href=\"https:\/\/terangafrika.com\/en?page_id=944\">\n\t\t\tReturn to shop\t\t<\/a>\n\t<\/p>\n<\/div>\t\t\t\t<\/div>\n\t\t\t\t<\/div>\n\t\t\t\t\t<\/div>\n\t\t\t\t<\/div>\n\t\t\t\t<\/div>\n\t\t","protected":false},"excerpt":{"rendered":"<p>Supprimer l\u2019\u00e9l\u00e9ment Miniature Produit Prix Quantit\u00e9 Sous-total &times; Artemisia annua &#8211; The Miracle Plant (Artemisia annua) CFA6,500.00 &#8211; quantit\u00e9 de Artemisia annua &#8211; The Miracle Plant (Artemisia annua)&nbsp; + CFA6,500.00 Cart totals Sous-total CFA6,500.00 Exp\u00e9dition Flexible espana (Envio gratuito) Poste Senegalaise | Espagne Livraison \u00e0 Calle La Ladera 1, 23002 Madrid, Madrid, Espagne. Modifier l\u2019adresse [&hellip;]<\/p>\n","protected":false},"author":2,"featured_media":0,"parent":1662,"menu_order":0,"comment_status":"closed","ping_status":"closed","template":"","meta":{"two_page_speed":[],"footnotes":""},"class_list":["post-1708","page","type-page","status-publish","hentry"],"_links":{"self":[{"href":"https:\/\/terangafrika.com\/en\/index.php?rest_route=\/wp\/v2\/pages\/1708","targetHints":{"allow":["GET"]}}],"collection":[{"href":"https:\/\/terangafrika.com\/en\/index.php?rest_route=\/wp\/v2\/pages"}],"about":[{"href":"https:\/\/terangafrika.com\/en\/index.php?rest_route=\/wp\/v2\/types\/page"}],"author":[{"embeddable":true,"href":"https:\/\/terangafrika.com\/en\/index.php?rest_route=\/wp\/v2\/users\/2"}],"replies":[{"embeddable":true,"href":"https:\/\/terangafrika.com\/en\/index.php?rest_route=%2Fwp%2Fv2%2Fcomments&post=1708"}],"version-history":[{"count":0,"href":"https:\/\/terangafrika.com\/en\/index.php?rest_route=\/wp\/v2\/pages\/1708\/revisions"}],"up":[{"embeddable":true,"href":"https:\/\/terangafrika.com\/en\/index.php?rest_route=\/wp\/v2\/pages\/1662"}],"wp:attachment":[{"href":"https:\/\/terangafrika.com\/en\/index.php?rest_route=%2Fwp%2Fv2%2Fmedia&parent=1708"}],"curies":[{"name":"wp","href":"https:\/\/api.w.org\/{rel}","templated":true}]}}